{"id":57,"date":"2022-02-19T10:37:55","date_gmt":"2022-02-19T10:37:55","guid":{"rendered":"http:\/\/qufaculty.qu.edu.qa\/sinanmarufoglu\/?page_id=57"},"modified":"2023-10-14T10:00:27","modified_gmt":"2023-10-14T10:00:27","slug":"gallery-media","status":"publish","type":"page","link":"http:\/\/qufaculty.qu.edu.qa\/sinanmarufoglu\/gallery-media\/","title":{"rendered":"Gallery &#038; Media"},"content":{"rendered":"\n<figure class=\"wp-block-image size-large is-resized\"><a href=\"https:\/\/shorok.com\/ar_jo\/9789957002701\" target=\"_blank\" rel=\"noopener\"><img loading=\"lazy\" decoding=\"async\" src=\"http:\/\/qufaculty.qu.edu.qa\/sinanmarufoglu\/wp-content\/uploads\/sites\/1134\/2022\/02\/Iraq-cover-724x1024.png\" alt=\"\" class=\"wp-image-73\" width=\"810\" height=\"1146\" srcset=\"http:\/\/qufaculty.qu.edu.qa\/sinanmarufoglu\/wp-content\/uploads\/sites\/1134\/2022\/02\/Iraq-cover-724x1024.png 724w, http:\/\/qufaculty.qu.edu.qa\/sinanmarufoglu\/wp-content\/uploads\/sites\/1134\/2022\/02\/Iraq-cover-212x300.png 212w, http:\/\/qufaculty.qu.edu.qa\/sinanmarufoglu\/wp-content\/uploads\/sites\/1134\/2022\/02\/Iraq-cover-768x1087.png 768w, http:\/\/qufaculty.qu.edu.qa\/sinanmarufoglu\/wp-content\/uploads\/sites\/1134\/2022\/02\/Iraq-cover-1085x1536.png 1085w, http:\/\/qufaculty.qu.edu.qa\/sinanmarufoglu\/wp-content\/uploads\/sites\/1134\/2022\/02\/Iraq-cover-1447x2048.png 1447w\" sizes=\"auto, (max-width: 810px) 100vw, 810px\" \/><\/a><\/figure>\n\n\n\n<figure class=\"wp-block-image size-large is-resized\"><a href=\"https:\/\/www.daralsaqi.com\/book\/%D9%86%D8%AC%D8%AF-%D9%88%D8%A7%D9%84%D8%AD%D8%AC%D8%A7%D8%B2-%D9%81%D9%8A-%D8%A7%D9%84%D9%88%D8%AB%D8%A7%D8%A6%D9%82-%D8%A7%D9%84%D8%B9%D8%AB%D9%85%D8%A7%D9%86%D9%8A%D8%A9--%D8%A7%D9%84%D8%A3%D8%AD%D9%88%D8%A7%D9%84-%D8%A7%D9%84%D8%B3%D9%8A%D8%A7%D8%B3%D9%8A%D8%A9-%D9%88%D8%A7%D9%84%D8%A7%D8%AC%D8%AA%D9%85%D8%A7%D8%B9%D9%8A%D8%A9-%D9%81%D9%8A-%D9%86%D8%AC%D8%AF-%D9%88%D8%A7%D9%84%D8%AD%D8%AC%D8%A7%D8%B2-%D8%AE%D9%84%D8%A7%D9%84-%D8%A7%D9%84%D8%B9%D9%87%D8%AF-%D8%A7%D9%84%D8%B9%D8%AB%D9%85%D8%A7%D9%86%D9%8A\" target=\"_blank\" rel=\"noopener\"><img loading=\"lazy\" decoding=\"async\" src=\"http:\/\/qufaculty.qu.edu.qa\/sinanmarufoglu\/wp-content\/uploads\/sites\/1134\/2022\/02\/Najd-wal-Hijaaz-714x1024.jpg\" alt=\"\" class=\"wp-image-69\" width=\"828\" height=\"1190\"\/><\/a><\/figure>\n\n\n\n<figure class=\"wp-block-image size-large is-resized\"><a href=\"https:\/\/www.kitapyurdu.com\/kitap\/osmanli-doneminde-kuzey-irak-18311914\/11119.html\" target=\"_blank\" rel=\"noopener\"><img loading=\"lazy\" decoding=\"async\" src=\"http:\/\/qufaculty.qu.edu.qa\/sinanmarufoglu\/wp-content\/uploads\/sites\/1134\/2022\/02\/North-Iraq-Ottoman.jpg\" alt=\"\" class=\"wp-image-68\" width=\"827\" height=\"1181\"\/><\/a><\/figure>\n\n\n\n<figure class=\"wp-block-image size-large is-resized\"><img loading=\"lazy\" decoding=\"async\" src=\"http:\/\/qufaculty.qu.edu.qa\/sinanmarufoglu\/wp-content\/uploads\/sites\/1134\/2022\/02\/trt-avaz-1-1024x564.jpg\" alt=\"\" class=\"wp-image-145\" width=\"830\" height=\"457\" srcset=\"http:\/\/qufaculty.qu.edu.qa\/sinanmarufoglu\/wp-content\/uploads\/sites\/1134\/2022\/02\/trt-avaz-1-1024x564.jpg 1024w, http:\/\/qufaculty.qu.edu.qa\/sinanmarufoglu\/wp-content\/uploads\/sites\/1134\/2022\/02\/trt-avaz-1-300x165.jpg 300w, http:\/\/qufaculty.qu.edu.qa\/sinanmarufoglu\/wp-content\/uploads\/sites\/1134\/2022\/02\/trt-avaz-1-768x423.jpg 768w, http:\/\/qufaculty.qu.edu.qa\/sinanmarufoglu\/wp-content\/uploads\/sites\/1134\/2022\/02\/trt-avaz-1-1536x846.jpg 1536w, http:\/\/qufaculty.qu.edu.qa\/sinanmarufoglu\/wp-content\/uploads\/sites\/1134\/2022\/02\/trt-avaz-1.jpg 1600w\" sizes=\"auto, (max-width: 830px) 100vw, 830px\" \/><\/figure>\n\n\n\n<figure class=\"wp-block-embed is-type-video is-provider-youtube wp-block-embed-youtube wp-embed-aspect-16-9 wp-has-aspect-ratio\"><div class=\"wp-block-embed__wrapper\">\n<iframe loading=\"lazy\" title=\"Osmanl\u0131&#039;dan G\u00fcn\u00fcm\u00fcze Musul ve Kerk\u00fck&#039;\u00fcn Stat\u00fcs\u00fc ve Yap\u0131s\u0131 - T\u00fcrkistan G\u00fcndemi - TRT Avaz\" width=\"900\" height=\"506\" src=\"https:\/\/www.youtube.com\/embed\/QS68bDGeCGE?feature=oembed\" frameborder=\"0\" allow=\"accelerometer; autoplay; clipboard-write; encrypted-media; gyroscope; picture-in-picture; web-share\" allowfullscreen><\/iframe>\n<\/div><\/figure>\n\n\n\n<figure class=\"wp-block-image size-large is-resized\"><img loading=\"lazy\" decoding=\"async\" src=\"http:\/\/qufaculty.qu.edu.qa\/sinanmarufoglu\/wp-content\/uploads\/sites\/1134\/2023\/10\/Osmanlidan-Gunumuze-Musul-Kerkuk-Meselesi-ve-Turkmenlerin-Durumu.png\" alt=\"\" class=\"wp-image-219\" width=\"784\" height=\"1125\" srcset=\"http:\/\/qufaculty.qu.edu.qa\/sinanmarufoglu\/wp-content\/uploads\/sites\/1134\/2023\/10\/Osmanlidan-Gunumuze-Musul-Kerkuk-Meselesi-ve-Turkmenlerin-Durumu.png 539w, http:\/\/qufaculty.qu.edu.qa\/sinanmarufoglu\/wp-content\/uploads\/sites\/1134\/2023\/10\/Osmanlidan-Gunumuze-Musul-Kerkuk-Meselesi-ve-Turkmenlerin-Durumu-209x300.png 209w\" sizes=\"auto, (max-width: 784px) 100vw, 784px\" \/><\/figure>\n\n\n\n<figure class=\"wp-block-embed is-type-video is-provider-youtube wp-block-embed-youtube wp-embed-aspect-16-9 wp-has-aspect-ratio\"><div class=\"wp-block-embed__wrapper\">\n<iframe loading=\"lazy\" title=\"MCB\u00dc Osmanl\u0131\u2019dan G\u00fcn\u00fcm\u00fcze Musul ve Kerk\u00fck konferans\u0131 d\u00fczenledi\" width=\"900\" height=\"506\" src=\"https:\/\/www.youtube.com\/embed\/9amecX1Jfpo?feature=oembed\" frameborder=\"0\" allow=\"accelerometer; autoplay; clipboard-write; encrypted-media; gyroscope; picture-in-picture; web-share\" allowfullscreen><\/iframe>\n<\/div><\/figure>\n\n\n\n<figure class=\"wp-block-image size-large is-resized\"><img loading=\"lazy\" decoding=\"async\" src=\"http:\/\/qufaculty.qu.edu.qa\/sinanmarufoglu\/wp-content\/uploads\/sites\/1134\/2022\/02\/1-Doha-TV-18.12.2009.png\" alt=\"\" class=\"wp-image-84\" width=\"834\" height=\"635\" srcset=\"http:\/\/qufaculty.qu.edu.qa\/sinanmarufoglu\/wp-content\/uploads\/sites\/1134\/2022\/02\/1-Doha-TV-18.12.2009.png 808w, http:\/\/qufaculty.qu.edu.qa\/sinanmarufoglu\/wp-content\/uploads\/sites\/1134\/2022\/02\/1-Doha-TV-18.12.2009-300x228.png 300w, http:\/\/qufaculty.qu.edu.qa\/sinanmarufoglu\/wp-content\/uploads\/sites\/1134\/2022\/02\/1-Doha-TV-18.12.2009-768x585.png 768w\" sizes=\"auto, (max-width: 834px) 100vw, 834px\" \/><\/figure>\n\n\n\n<figure class=\"wp-block-embed is-type-video is-provider-youtube wp-block-embed-youtube wp-embed-aspect-16-9 wp-has-aspect-ratio\"><div class=\"wp-block-embed__wrapper\">\n<iframe loading=\"lazy\" title=\"\u0627\u0644\u0641\u064a\u0644\u0645 \u0627\u0644\u0648\u062b\u0627\u0626\u0642\u064a \u0627\u0644\u0634\u064a\u062e \u062c\u0627\u0633\u0645 \u0628\u0646 \u0645\u062d\u0645\u062f- \u0645\u0624\u0633\u0633 \u0648 \u0645\u0633\u064a\u0631\u0629\" width=\"900\" height=\"506\" src=\"https:\/\/www.youtube.com\/embed\/DI8AaKKFJuA?feature=oembed\" frameborder=\"0\" allow=\"accelerometer; autoplay; clipboard-write; encrypted-media; gyroscope; picture-in-picture; web-share\" allowfullscreen><\/iframe>\n<\/div><\/figure>\n\n\n\n<figure class=\"wp-block-image size-large is-resized\"><img loading=\"lazy\" decoding=\"async\" src=\"http:\/\/qufaculty.qu.edu.qa\/sinanmarufoglu\/wp-content\/uploads\/sites\/1134\/2022\/02\/Al-Arab-Newspaper-22.01.2009-768x1024.jpg\" alt=\"\" class=\"wp-image-72\" width=\"817\" height=\"1090\" srcset=\"http:\/\/qufaculty.qu.edu.qa\/sinanmarufoglu\/wp-content\/uploads\/sites\/1134\/2022\/02\/Al-Arab-Newspaper-22.01.2009-768x1024.jpg 768w, http:\/\/qufaculty.qu.edu.qa\/sinanmarufoglu\/wp-content\/uploads\/sites\/1134\/2022\/02\/Al-Arab-Newspaper-22.01.2009-225x300.jpg 225w, http:\/\/qufaculty.qu.edu.qa\/sinanmarufoglu\/wp-content\/uploads\/sites\/1134\/2022\/02\/Al-Arab-Newspaper-22.01.2009-1152x1536.jpg 1152w, http:\/\/qufaculty.qu.edu.qa\/sinanmarufoglu\/wp-content\/uploads\/sites\/1134\/2022\/02\/Al-Arab-Newspaper-22.01.2009-1536x2048.jpg 1536w, http:\/\/qufaculty.qu.edu.qa\/sinanmarufoglu\/wp-content\/uploads\/sites\/1134\/2022\/02\/Al-Arab-Newspaper-22.01.2009-scaled.jpg 1920w\" sizes=\"auto, (max-width: 817px) 100vw, 817px\" \/><\/figure>\n\n\n\n<figure class=\"wp-block-image size-large is-resized\"><img loading=\"lazy\" decoding=\"async\" src=\"http:\/\/qufaculty.qu.edu.qa\/sinanmarufoglu\/wp-content\/uploads\/sites\/1134\/2022\/02\/IMG_4481-1024x683.jpg\" alt=\"\" class=\"wp-image-103\" width=\"819\" height=\"544\"\/><\/figure>\n\n\n\n<figure class=\"wp-block-image size-large is-resized\"><img loading=\"lazy\" decoding=\"async\" src=\"http:\/\/qufaculty.qu.edu.qa\/sinanmarufoglu\/wp-content\/uploads\/sites\/1134\/2022\/02\/IMG_4436-683x1024.jpg\" alt=\"\" class=\"wp-image-105\" width=\"827\" height=\"1237\"\/><\/figure>\n\n\n\n<figure class=\"wp-block-image size-large is-resized\"><img loading=\"lazy\" decoding=\"async\" src=\"http:\/\/qufaculty.qu.edu.qa\/sinanmarufoglu\/wp-content\/uploads\/sites\/1134\/2022\/02\/Ogrenci-hediyesi-1024x576.jpg\" alt=\"\" class=\"wp-image-106\" width=\"828\" height=\"465\" srcset=\"http:\/\/qufaculty.qu.edu.qa\/sinanmarufoglu\/wp-content\/uploads\/sites\/1134\/2022\/02\/Ogrenci-hediyesi-1024x576.jpg 1024w, http:\/\/qufaculty.qu.edu.qa\/sinanmarufoglu\/wp-content\/uploads\/sites\/1134\/2022\/02\/Ogrenci-hediyesi-300x169.jpg 300w, http:\/\/qufaculty.qu.edu.qa\/sinanmarufoglu\/wp-content\/uploads\/sites\/1134\/2022\/02\/Ogrenci-hediyesi-768x432.jpg 768w, http:\/\/qufaculty.qu.edu.qa\/sinanmarufoglu\/wp-content\/uploads\/sites\/1134\/2022\/02\/Ogrenci-hediyesi.jpg 1280w\" sizes=\"auto, (max-width: 828px) 100vw, 828px\" \/><\/figure>\n","protected":false},"excerpt":{"rendered":"https:\/\/www.youtube.com\/watch?v=QS68bDGeCGE https:\/\/www.youtube.com\/watch?v=9amecX1Jfpo https:\/\/www.youtube.com\/watch?v=DI8AaKKFJuA","protected":false},"author":1119,"featured_media":0,"parent":0,"menu_order":0,"comment_status":"closed","ping_status":"closed","template":"","meta":{"footnotes":""},"class_list":["post-57","page","type-page","status-publish","hentry"],"_links":{"self":[{"href":"http:\/\/qufaculty.qu.edu.qa\/sinanmarufoglu\/wp-json\/wp\/v2\/pages\/57","targetHints":{"allow":["GET"]}}],"collection":[{"href":"http:\/\/qufaculty.qu.edu.qa\/sinanmarufoglu\/wp-json\/wp\/v2\/pages"}],"about":[{"href":"http:\/\/qufaculty.qu.edu.qa\/sinanmarufoglu\/wp-json\/wp\/v2\/types\/page"}],"author":[{"embeddable":true,"href":"http:\/\/qufaculty.qu.edu.qa\/sinanmarufoglu\/wp-json\/wp\/v2\/users\/1119"}],"replies":[{"embeddable":true,"href":"http:\/\/qufaculty.qu.edu.qa\/sinanmarufoglu\/wp-json\/wp\/v2\/comments?post=57"}],"version-history":[{"count":26,"href":"http:\/\/qufaculty.qu.edu.qa\/sinanmarufoglu\/wp-json\/wp\/v2\/pages\/57\/revisions"}],"predecessor-version":[{"id":223,"href":"http:\/\/qufaculty.qu.edu.qa\/sinanmarufoglu\/wp-json\/wp\/v2\/pages\/57\/revisions\/223"}],"wp:attachment":[{"href":"http:\/\/qufaculty.qu.edu.qa\/sinanmarufoglu\/wp-json\/wp\/v2\/media?parent=57"}],"curies":[{"name":"wp","href":"https:\/\/api.w.org\/{rel}","templated":true}]}}