{"id":29,"date":"2021-12-23T18:55:50","date_gmt":"2021-12-23T18:55:50","guid":{"rendered":"http:\/\/qufaculty.qu.edu.qa\/sinanmarufoglu\/?page_id=29"},"modified":"2022-02-27T10:24:39","modified_gmt":"2022-02-27T10:24:39","slug":"conferences","status":"publish","type":"page","link":"http:\/\/qufaculty.qu.edu.qa\/sinanmarufoglu\/conferences\/","title":{"rendered":"Conferences &#038; Seminars"},"content":{"rendered":"\n<div class=\"wp-block-group\"><div class=\"wp-block-group__inner-container is-layout-flow wp-block-group-is-layout-flow\">\n<ul class=\"has-black-color has-white-background-color has-text-color has-background wp-block-list\"><li><strong>CONFERENCES:<\/strong><\/li><li>-MARUFO\u011eLU, Sinan, <strong>\u2018<em>Wages and Money in Iraq during the 19th Century<\/em>\u2019 <\/strong>Symposium: Wages and Currency: Global and Historical Comparisons, Amsterdam\/Leiden, Netherlands-23-25 May 2002.<\/li><li>-MARUFO\u011eLU, Sinan, \u00a0<strong>\u2018<em>Osmanl\u0131 D\u00f6neminde, G\u00fcney Irak\u2019ta Devlet-A\u015firet \u0130li\u015fkileri,1831-1914<\/em>\u2019<\/strong>, XIV Uluslararas\u0131 Tarih Kongresi, T\u00fcrk Tarih Kurumu, Ankara-Turkey, 9-13 September 2002.<\/li><li>MARUFO\u011eLU, Sinan, <strong>\u2018<em>Osmanl\u0131 Ta\u015fra Eyaletlerinde Hizmetler ve \u00dccretler<\/em><\/strong>\u2019, II.Uluslararas\u0131 T\u00fcrk Tarihi ve Edebiyat\u0131 Kongresi, Celal Bayar \u00dcniversitesi- Manisa, 11-13-November 2005.<\/li><li>MARUFO\u011eLU, Sinan, <strong><em>\u2018The Social and Political State of the Iraqi Kurds during the Ottoman Era<\/em><\/strong>\u2019, Second World Congress of Middle Eastern Studies (WOCMES-2), Amman-Jordan, 11-16 June 2006.<\/li><li>-MARUFO\u011eLU, Sinan, <strong><em>\u2018Balkan Sava\u015flar\u0131 S\u0131ras\u0131nda Araplar\u0131n Tutumu, <\/em><\/strong>1912-1913\u2019, XV. T\u00fcrk Tarih Kongresi, T\u00fcrk Tarih Kurumu, Ankara, 11-15 September 2006.<\/li><li>-MARUFO\u011eLU, Sinan, <strong><em>\u2018Osmanl\u0131 Ta\u015fra Eyaletlerinde Para ve Finansman Sorunlar\u0131, (Musul, Ba\u011fdat ve Basra Eyaletleri \u00f6rne\u011fi\u2019<\/em><\/strong>, Birinci \u0130ktisat Tarihi Kongresi, Istanbul, 7-8-September 2007.<\/li><li>-MARUFO\u011eLU, Sinan;<strong> \u062f\u0648\u0631 \u0645\u0624\u0633\u0633\u0629 \u0627\u0644\u0648\u0642\u0641 \u0641\u064a \u062a\u0645\u0648\u064a\u0644 \u0627\u0644\u0645\u0624\u0633\u0633\u0627\u062a \u0627\u0644\u062a\u0639\u0644\u064a\u0645\u064a\u0629 \u0641\u064a \u0645\u0635\u0631 \u062e\u0644\u0627\u0644 \u0627\u0644\u0639\u0647\u062f \u0627\u0644\u0639\u062b\u0645\u0627\u0646\u064a\u060c \u062f\u0631\u0627\u0633\u0629 \u062a\u062d\u0644\u064a\u0644\u064a\u0629 \u0644\u0633\u0646\u062f \u0648\u0642\u0641\u064a\u0629 \u0628\u0639\u0636 \u0627\u0644\u0642\u0631\u0649 \u0627\u0644\u0645\u0635\u0631\u064a\u0629 \u0641\u064a \u0639\u0647\u062f \u0645\u062d\u0645\u062f \u0639\u0644\u064a \u0628\u0627\u0634\u0627 ,<\/strong> International Conference on &#8216;Egypt During The Ottoman Era&#8217;, Ircica, Cairo, Egypt, 26-30 November 2007.<\/li><li>-MARUFO\u011eLU, Sinan, <strong><em>&#8216;II.Me\u015frutiyet sonras\u0131nda, emperyalist Avrupal\u0131 Devletlerin, Araplar\u0131 Osmanl\u0131 Devleti\u2019ne kar\u015f\u0131 k\u0131\u015fk\u0131rtma giri\u015fimleri&#8217;<\/em><\/strong>,The Second Constitutional Period of the Ottoman State on Its Centenary\u2019 International Congress, Ircica, Istanbul, 7-10 May 2008.<\/li><li>-MARUFO\u011eLU, Sinan; <strong>\u0645\u0648\u0642\u0641 \u0627\u0644\u0634\u064a\u062e \u062c\u0627\u0633\u0645 \u0628\u0646 \u0645\u062d\u0645\u062f \u0628\u0646 \u062b\u0627\u0646\u064a \u0645\u0646 \u062d\u0631\u0648\u0628 \u0627\u0644\u0628\u0644\u0642\u0627\u0646<\/strong>, International Symposium on Qatar History, 16-17 December 2008.<\/li><li>-MARUFO\u011eLU, Sinan; <strong><em>\u201cThe Political activities of the colonialist European Countries in the East Mediterranean Arab provinces before the World War I&#8221;<\/em><\/strong> 2nd International Conference on Mediterranean Studies, Athens, Greece, 9-12 April 2009.<\/li><li>MARUFO\u011eLU, Sinan; <strong><em>\u201cThe Political and Religious activities of England in Iraq before the WWI\u201d<\/em><\/strong>, 3rd World Conference on Middle Eastern Studies (WOCMES-3), Barcelona- Spain, 19-24 July 2010.<\/li><li>MARUFO\u011eLU, Sinan; <strong><em>\u201cThe British Economic Influence in the Ottoman Iraqi Provinces during the 19th century\u201d<\/em><\/strong>, International Conference on Ottoman-European Exchanges in Commerce, Finance and Culture, Cambridge University, Cambridge, UK, 28-30 March 2011.<\/li><li>MARUFO\u011eLU, Sinan; <strong><em>\u201c19. Y\u00fczy\u0131lda Dicle ve F\u0131rat&#8217;ta Osmanl\u0131 Nehir Ta\u015f\u0131mac\u0131l\u0131\u011f\u0131\u201d<\/em><\/strong> 20th Symposium of the International Committee for Pre-Ottoman and Ottoman Studies (CIEPO), Rethymno, Crete, Greece, 27 June- 01 July 2012.<\/li><li>MARUFO\u011eLU, Sinan; <strong><em>\u201c19. Y\u00fczy\u0131lda Irak Vilayetlerinde, Toprak D\u00fczeni, Tapu ve M\u00fclkiyet Sorunlar\u0131\u201d <\/em><\/strong>Osmanl\u0131 Co\u011frafyas\u0131 K\u00fclt\u00fcrel Ar\u015fiv Miras\u0131n\u0131n Y\u00f6netimi ve Tapu Ar\u015fivlerinin Rol\u00fc Uluslararas\u0131 Kongresi, Istanbul, T\u00fcrkiye, 21 &#8211; 23 November 2012.<\/li><li>MARUFO\u011eLU, Sinan; <strong><em>\u201cThe Attempts of the Ottoman State to Settle the Nomadic Kurdish and Arab Tribes in Iraq during the 19th Century\u201d<\/em><\/strong>, 28th The Middle East History and Theory Conference, University of Chicago, USA, 02-05 May 2013.<\/li><li>MARUFO\u011eLU, Sinan; <strong><em>\u201cThe Basra Port during the 19th Century, the Gate of the International Trade between the East and West\u201d<\/em><\/strong> , &#8220;Port Cities in World History&#8221; Symposium, World History Association, Barcelona, Spain, 26-28 March 2014.<\/li><li>MARUFO\u011eLU, Sinan; <strong>&#8220;\u0639\u0644\u0627\u0642\u0629 \u0627\u0644\u062a\u0627\u0631\u064a\u062e \u0628\u0627\u0644\u0625\u0642\u062a\u0635\u0627\u062f\u060c \u0627\u0644\u062f\u0648\u0644\u0629 \u0648\u0627\u0644\u0633\u0648\u0642\u060c \u0645\u0641\u0627\u0647\u064a\u0645 \u0648\u062a\u0637\u0628\u064a\u0642\u0627\u062a \u0645\u0646 \u062a\u0627\u0631\u064a\u062e \u0627\u0644\u0627\u0642\u062a\u0635\u0627\u062f \u0627\u0644\u0639\u062b\u0645\u0627\u0646\u064a&#8221;<\/strong> , International Conference on Interdisciplinarity in History: An old Method, in A New World Context, Qatar University, Doha, 05-06 March 2014.<\/li><li>MARUFO\u011eLU, Sinan; &#8220;\u0627<strong>\u0644\u0633\u064a\u0627\u0633\u0629 \u0648\u0627\u0644\u062f\u064a\u0646 \u0648\u0627\u0644\u0645\u0627\u0644\u060c \u0648\u0627\u0644\u062a\u0645\u0647\u064a\u062f \u0644\u0644\u0625\u062d\u062a\u0644\u0627\u0644: \u0633\u064a\u0627\u0633\u0629 \u0627\u0644\u062f\u0648\u0644 \u0627\u0644\u0625\u0633\u062a\u0639\u0645\u0627\u0631\u064a\u0629 \u0627\u0644\u0623\u0648\u0631\u0648\u0628\u064a\u0629 \u0641\u064a \u0627\u0644\u0648\u0644\u0627\u064a\u0627\u062a \u0627\u0644\u0639\u0631\u0628\u064a\u0629 \u0627\u0644\u0639\u062b\u0645\u0627\u0646\u064a\u0629 \u0645\u0627 \u0642\u0628\u0644 \u0627\u0644\u062d\u0631\u0628 \u0627\u0644\u0639\u0627\u0644\u0645\u064a\u0629 \u0627\u0644\u0623\u0648\u0644\u0649<\/strong>&#8220;, The Great War and its Legacy in Central Europe and the Middle East: (Re-)Drawing and Contesting Borders, Nations, Identities, and Spaces, Qatar University, Doha, 11-12 March 2015.<\/li><li>MARUFO\u011eLU, Sinan; <strong><em>\u2018\u0130\u015fgale Haz\u0131rl\u0131k; Birinci D\u00fcnya Sava\u015f\u0131 \u00f6ncesinde, Irak Vilayetlerinde \u0130ngilizlerin Siyasi Faaliyetleri\u2019 <\/em><\/strong>Uluslararas\u0131 1. D\u00fcnya Sava\u015f\u0131 Sempozyumu, T\u00fcrk Tarih Kurumu, Izmir, T\u00fcrkiye, 12-14 November 2015.<\/li><li>MARUFO\u011eLU, Sinan; <strong><em>\u201819. Y\u00fczy\u0131lda Basra Liman\u0131ndan yap\u0131lan Uluslararas\u0131 Ticaretin Irak Vilayetlerine olan Sosyo-Ekonomik Yans\u0131malar\u0131\u2019<\/em><\/strong>, Uluslararas\u0131 9.T\u00fcrk Deniz Ticaret Tarihi Sempozyumu, Istanbul University, T\u00fcrkiye, 04-05 May 2017.<\/li><li>MARUFO\u011eLU, Sinan; <strong><em>\u2018Osmanl\u0131 D\u00f6neminde Irak Yahudileri\u2019<\/em><\/strong>, II. Uluslararas\u0131 Osmanl\u0131 Co\u011frafyas\u0131 Ar\u015fiv Kongresi, Istanbul, 20-24 November 2017.<\/li><li>MARUFO\u011eLU, Sinan; <strong><em>\u201819.Y\u00fczy\u0131lda Osmanl\u0131 Ta\u015fra Eyaletlerinde Tar\u0131m\u2019da Islahat Te\u015febb\u00fcsleri (Musul, Ba\u011fdat Ve Basra Eyaletleri \u00d6rne\u011fi)<\/em><\/strong>, \u00dc\u00e7\u00fcnc\u00fc \u0130ktisat Tarihi Kongresi, T\u00fcrk Tarih Kurumu, Izmir Demokrasi \u00dcniversitesi and T\u0130TAP, Izmir, 25-27 April 2019.<\/li><li>MARUFO\u011eLU, Sinan; <em style=\"\"><b>\u2018Modernle\u015fme S\u00fcrecinde, Osmanl\u0131 Ta\u015fra Vilayetlerinde <\/b><\/em><strong><em>Esnaf ve Sanayi Sorunlar\u0131, (Musul, Ba\u011fdat Ve Basra Vilayetleri \u00d6rne\u011fi)<\/em><\/strong>, The International Symposium of Ottoman Economic History, Marmara University &amp; G\u00fcng\u00f6ren Municipality, Istanbul, 17-19 December 2021.<\/li><li><\/li><li><strong>SEMINARS<\/strong>:<\/li><li><strong><em>\u201cOsmanl\u0131 sonras\u0131 Kerk\u00fck ve Irak T\u00fcrkleri\u201d<\/em><\/strong>, T\u00fcrk Ocaklar\u0131, Izmir-T\u00fcrkiye, 09.02.2007.<\/li><li><strong><em>&#8220;<\/em>\u0645\u0646 \u0627\u0644\u0642\u0628\u0644\u064a\u0629 \u0627\u0644\u0649 \u0627\u0644\u0627\u0645\u0628\u0631\u0627\u0637\u0648\u0631\u064a\u0629\u060c \u0645\u0641\u0647\u0648\u0645 \u0627\u0644\u062f\u0648\u0644\u0629 \u0648\u0645\u0643\u0627\u0646\u0629 \u0627\u0644\u0634\u0639\u0628 \u0644\u062f\u0649 \u0627\u0644\u0623\u062a\u0631\u0627\u0643 \u0627\u0644\u0639\u062b\u0645\u0627\u0646\u064a\u064a\u0646&#8221; <\/strong>Qatar University, Doha, 09.03.2009.<\/li><li><strong>\u201c\u0627\u0644\u063a\u0631\u0628 \u0648\u0627\u0644\u0639\u0631\u0628 \u0645\u0627 \u0642\u0628\u0644 \u0627\u0644\u062d\u0631\u0628\u060c \u0627\u0644\u0641\u0639\u0627\u0644\u064a\u0627\u062a \u0627\u0644\u0633\u064a\u0627\u0633\u064a\u0629 \u0644\u0644\u062f\u0648\u0644 \u0627\u0644\u0627\u0645\u0628\u0631\u064a\u0627\u0644\u064a\u0629 \u0627\u0644\u0627\u0648\u0631\u0628\u064a\u0629 \u0641\u064a \u0628\u0644\u0627\u062f \u0627\u0644\u0639\u0631\u0628 \u0627\u0644\u0639\u062b\u0645\u0627\u0646\u064a\u0629 \u0645\u0627 \u0642\u0628\u0644 \u0627\u0644\u062d\u0631\u0628 \u0627\u0644\u0639\u0627\u0644\u0645\u064a\u0629 \u0627\u0644\u0627\u0648\u0644\u0649&#8221;, <\/strong>Qatar University, Doha, 25.03.2009.<\/li><li><strong>\u2018<em>Assessing Turkey\u2019s Foreign Policy in the Region: Domestic Factors and External Influences\u2019<\/em><\/strong><em>, <\/em>Brookings Doha Center, 09 May 2012.<\/li><li>&#8220;<strong>\u0639\u0644\u0627\u0642\u0629 \u0627\u0644\u062a\u0627\u0631\u064a\u062e \u0628\u0627\u0644\u0627\u0642\u062a\u0635\u0627\u062f: \u0627\u0644\u0628\u0639\u062f \u0627\u0644\u0627\u0642\u062a\u0635\u0627\u062f\u064a \u0644\u0644\u0623\u062d\u062f\u0627\u062b \u0627\u0644\u062a\u0627\u0631\u064a\u062e\u064a\u0629 \u0641\u064a \u0627\u0644\u0634\u0631\u0642 \u0648\u0627\u0644\u063a\u0631\u0628<\/strong><em>&#8220;<\/em> Qatar University, 24 May 2013.<\/li><li><em>\u2018<strong>100. Y\u0131l\u0131nda Kut\u00fc\u2019l-Am\u00e2re\u2019<\/strong><\/em><strong>, K\u00e2tip \u00c7elebi University, Izmir, 29.04.2016.<\/strong><\/li><li><strong><em>\u2018Osmanl\u0131\u2019dan g\u00fcn\u00fcm\u00fcze Musul ve Kerk\u00fck\u2019, <\/em><\/strong>\u2018T\u00fcrkistan G\u00fcndemi\u2019 program, TRT Avaz TV, Istanbul, 22.10.2016.<\/li><li><strong><em>\u2018Ortado\u011fu Denkleminde Irak T\u00fcrkleri\u2019,<\/em><\/strong> T\u00fcrk Ocaklar\u0131 \u015eehzadeler \u015eubesi, Manisa, 17.10.2017.<\/li><li><strong><em>\u2018Osmanl\u0131\u2019dan g\u00fcn\u00fcm\u00fcze Musul ve Kerk\u00fck meselesi ve T\u00fcrkmenlerin durumu\u2019, <\/em><\/strong>Manisa Celal Bayar University, Manisa, 18.10.2017.<\/li><li><strong>\u2019\u0628\u0639\u0636 \u0627\u0644\u0645\u0639\u0637\u064a\u0627\u062a \u0627\u0644\u062a\u0627\u0631\u064a\u062e\u064a\u0629 \u0639\u0646 \u064a\u0647\u0648\u062f \u0627\u0644\u0639\u0631\u0627\u0642 \u0641\u064a \u0627\u0644\u0639\u0647\u062f \u0627\u0644\u0639\u062b\u0645\u0627\u0646\u064a<em>\u060c<\/em><\/strong> Department of Humanities, Qatar University, .04.10.2021. <\/li><\/ul>\n<\/div><\/div>\n","protected":false},"excerpt":{"rendered":"<p>CONFERENCES: -MARUFO\u011eLU, Sinan, \u2018Wages and Money in Iraq during the 19th Century\u2019 Symposium: Wages and Currency: Global and Historical Comparisons, [&hellip;]<\/p>\n","protected":false},"author":1119,"featured_media":0,"parent":0,"menu_order":0,"comment_status":"closed","ping_status":"closed","template":"","meta":{"footnotes":""},"class_list":["post-29","page","type-page","status-publish","hentry"],"_links":{"self":[{"href":"http:\/\/qufaculty.qu.edu.qa\/sinanmarufoglu\/wp-json\/wp\/v2\/pages\/29","targetHints":{"allow":["GET"]}}],"collection":[{"href":"http:\/\/qufaculty.qu.edu.qa\/sinanmarufoglu\/wp-json\/wp\/v2\/pages"}],"about":[{"href":"http:\/\/qufaculty.qu.edu.qa\/sinanmarufoglu\/wp-json\/wp\/v2\/types\/page"}],"author":[{"embeddable":true,"href":"http:\/\/qufaculty.qu.edu.qa\/sinanmarufoglu\/wp-json\/wp\/v2\/users\/1119"}],"replies":[{"embeddable":true,"href":"http:\/\/qufaculty.qu.edu.qa\/sinanmarufoglu\/wp-json\/wp\/v2\/comments?post=29"}],"version-history":[{"count":7,"href":"http:\/\/qufaculty.qu.edu.qa\/sinanmarufoglu\/wp-json\/wp\/v2\/pages\/29\/revisions"}],"predecessor-version":[{"id":178,"href":"http:\/\/qufaculty.qu.edu.qa\/sinanmarufoglu\/wp-json\/wp\/v2\/pages\/29\/revisions\/178"}],"wp:attachment":[{"href":"http:\/\/qufaculty.qu.edu.qa\/sinanmarufoglu\/wp-json\/wp\/v2\/media?parent=29"}],"curies":[{"name":"wp","href":"https:\/\/api.w.org\/{rel}","templated":true}]}}