{"id":10,"date":"2022-02-07T08:09:56","date_gmt":"2022-02-07T08:09:56","guid":{"rendered":"http:\/\/qufaculty.qu.edu.qa\/salmeer\/?page_id=10"},"modified":"2022-02-07T08:09:56","modified_gmt":"2022-02-07T08:09:56","slug":"publications","status":"publish","type":"page","link":"http:\/\/qufaculty.qu.edu.qa\/salmeer\/publications\/","title":{"rendered":"Publications"},"content":{"rendered":"<p><\/p>\r\n<p>https:\/\/scholar.google.com\/citations?user=dugHp7QAAAAJ&#038;hl=en\u00a0<\/p>\r\n<ol>\r\n<li>Edward J. Poziomek, and Saeed H. Almeer; \u201cSurface Adsorption and Retention of TNT Vapors\u201d SPIE (1998) Vol. 3575, pp. 392.\r\n\r\n<\/li>\r\n<li>Edward J. Poziomek, Juliana Homstead, and Saeed H. Almeer; \u201cQuality Issues in Use of Ion Mobility Spectrometry\u201d. SPIE (1998) Vol. 3575, pp. 403.\r\n\r\n<\/li>\r\n<li>Keith Smith, Saeed Almeer, Steven J. Black; \u201cPara-Selective Nitration of Halogenobenzenes Using a Nitrogen Dioxide-Oxygen-Zeolite System\u201d. Chem. Commmun. (2000) Issue 17, pp.1571.\r\n\r\n<\/li>\r\n<li>Keith Smith, Saeed Almeer and Christelle Peter; \u201cRegioselective Mononitration of Aromatic Compounds by Zeolite\/Dinitrogen Tetroxide\/Air in Solvent-Free System\u201d Chem. Commun. (2001) Issue 24, pp. 2748.\r\n\r\n<\/li>\r\n<li>Keith Smith, Saeed Almeer, Steven J. Black and Christelle Peters; \u201cDevelopment of a System for Clean and Regioselective Mononitration of Aromatic Componds Involving a Microporous Solid, Dinitrogen Tetroxide and Air\u201d, J. Mater. Chem. (2002) Vol. 12, pp. 3285\r\n\r\n<\/li>\r\n<li>Hassan, S. S. M.; Razek, T. A. M. A.; El Meer, S. and Al- Marri, A. M. \u201cMercury Removal from Hazardous Solid Waste Adsorbent Produced from Purification of Natural Gas in Methanol Industry\u201d. J. Environ. Sci.\u00a0 (2008) Vol. 16, No. 2.\r\n\r\n<\/li>\r\n<li>Mohamed. A. Amr, and Saeed H. Almeer; \u201cExtracting 226Ra from Sand Filter Samples Using MnO2 Impregnated Resin and Determination by Sector Field Inductively Coupled Plasma Mass Spectrometry\u201d.\u00a0 Int. J. Phys. Sci. (2012) Vol. 7, No.15, pp. 2250.\r\n\r\n<\/li>\r\n<li>Mohamed H. M. Ali, Mohamoud M. Khader, Khalid A. Al-Saad, Saeed Al-Meer; \u201cProperties of Nanoclay PVA Composites Materials\u201d. QSCIENCE (2013) Vol. 1.\r\n\r\n<\/li>\r\n<li>Saeed H. M. Almeer, Ibrahim A. Zogby, Saad S. M. Hassan.\u00a0 Novel Miniaturized Sensors for Potentiometric Batch and Flow-Injection Analysis (FIA) of Perchlorate in Fireworks and Propellants. Talanta (2014) Vol. 129, pp. 191.\r\n\r\n<\/li>\r\n<li>Hajer A. Al-Naimi, Mohammad A. Al-Ghouti. Ismail Al- Shaaik. Mehsin Al-Yafe. Saeed Al-Meer, \u201cMetal Distribution in Marine Sediment Along the Doha Bay, Qatar\u201d, Environ. Monit. Assess. (2015) Vol. 187, pp.130.\r\n\r\n<\/li>\r\n<li>M. Obaid, Nasser A.M. Barakat, Olfat A. Fadali, Saeed Al-Meer, Khaled Elsaid, Khalil Abdelrazek Khalil, \u201cStable and Effective Super-Hydrophilic Polysulfone Nano\ufb01ber Mats for Oil\/Water Separation\u201d Polymer (2015) Vol.72, pp.125-133.\r\n\r\n<\/li>\r\n<li>Nasser A.M. Barakat, Enas Ahmed, Mohammad Ali Abdelkareem, T.E. Farrag, Saeed Al-Meer, Salem Al-Deyab, Khaled Elsaid, M.M. Nassar, \u201cAmmonium Phosphate as Promised Hydrogen Storage Material\u201d. Int. J. of Hydrogen Energy (2015) Vol. 40, pp.10103.\r\n\r\n<\/li>\r\n<li>Noora M. Al-Shamary, Mohammad A. Al-Ghouti, Ismail Al-Shaikh, Saeed H. Al-Meer, Talaat A. Ahmad, \u201cEvaluation of Pesticid Residues of Organochlorine in Vegetables and Fruits in Qatar: Statistical Analysis\u201d Environ Monit Assess (2016) 188:198.\r\n\r\n<\/li>\r\n<li>Noora M. Al-Shamary, Mohammad A. Al-Ghouti, Ismail Al-Shaikh, Saeed H. Al-Meer, Talaat A. Ahmad, \u201cEvaluation of Pesticide Residues of Organochlorine in Vegetables and Fruits in Qatar: Statistical Analysis\u201d Environ Monit Assess, 2016, 188:198.\r\n\r\n<\/li>\r\n<li>Zulfa Al-Disi, Samir Jaoua, Dhabia Al-Thani, Saeed Almeer, Nabil Zouari, \u201cIsolation, Screening and Activity of Hydrocarbon-Degrading Bacteria from Harsh Soils\u201d Proceedings of the World Congress on Civil, Structural, and Environmental Engineering (CSEE\u201916), Prague, Czech Republic \u2013 March 30 \u2013 31, 2016.\r\n\r\n<\/li>\r\n<li>Ibrahim H.M. Aly, L. Abed AL Rahim Mohammed, Saeed Al-Meer, Khalid Elsaid, Nasser A.M. Barakat, \u201cPreparation and characterization of wollastonite\/titanium oxide nanofiber bioceramic composite as a future implant material\u201d Ceramics International 42, 2016, 11525\u201311534.\r\n\r\n<\/li>\r\n<li>Ibrahim El-Zoghbi, Antisar R. Hlil, Saeed Al-Meer, \u201cPolyisobutylene (PIB)-NHC Supported Catalysts for Cross-Coupling Reactions: A Green and Sustainable Protocol\u201d Mabrouk Ouederni, Robert Tuba, Mohammed Al-Hashimi, Robert H. Grubbs, Hassan S. Bazzi. Energy and Environment Pillar, ARC 16, 2016.\r\n\r\n<\/li>\r\n<li>Dorra Turki, Zafar Khan Ghouri, Saeed Al-Meer, Khaled Elsaid , M. I. Ahmad, Ahmed Easa, M. Ellouze, and E. K. Hlil, Synthesis and Physicochemical Studies of Perovskite Manganite La0.8Ca0.2Nn1\u2212xCoxO3 (0-\u2264 x \u2264 0.3). Journal of Magnetics 22(3), 353-359, 2017.\r\n\r\n<\/li>\r\n<li>Dorra Turki, Zafar Khan Ghouri, Saeed Al-Meer, Khaled Elsaid, M. I. Ahmad, Ahmed Easa, Gyorgy Remenyi, Sami Mahmood, El Kebir Hlil, Mohamed Ellouze and Foued Elhalouani, \u201cCritical Behavior of La0.8Ca0.2Mn1\u2212xCoxO3 Perovskite (0.1 \u2264 x \u2264 0.3)\u201d Magnetochemistry 2017, 3(3), 28.\r\n\r\n<\/li>\r\n<li>Seong-Min Ji, Zafar Khan Ghouri, Khaled Elsaid, Yo Han Ko, Saeed Al-Meer, M.I. Ahmad, Dong Ick Son, Hak Yong Kim \u201cCapacitance of MnO2 Micro-Flowers Decorated CNFs in Alkaline Electrolyte and Its Bi-Functional Electrocatalytic Activity toward Hydrazine Oxidation\u201d Int. J. Electrochem. Sci., 12 2017, 2583 \u2013 2592.\r\n\r\n<\/li>\r\n<li>Hammami Walid, Al Thani Roda, Fiori Stefano, Al-Meer Saeed, Atia Fathy Atia, Rabah Duha, Migheli Quirico, Jaoua Samir \u201cPatulin and patulin producing Penicillium spp. occurrence in apples and apple-based products including baby food\u201d The Journal Infection in Developing Countries, 2017, 11, (4):343-349.\r\n\r\n<\/li>\r\n<li>Nasser A.M. Barakat, M. Shaheer Akhtar, Ibrahim M. A. Mohameda , Rawan Hamdana Ahmed G.El-Deend, Khalid Elsaide, M. Obaida, Saeed Al-Meer \u201cEffective and stable FeNi@ N-doped graphene counter electrode for enhanced performance dye sensitized solar cells\u201d Materials Letters, Volume 191, 15 March 2017, Pages 80-84. 13.\r\n\r\n<\/li>\r\n<li>Mohammad A. Al-Ghouti, Jeffrey Philip Obbard, Saeed Hashim Almeer, Radhouane Ben-Hamadou Micro plastics in coastal environments of the Arabian Gulf, Oyebamiji Abib Abayomi, Pedro Range, Marine Pollution Bulletin 124, 2017, 181\u2013188.\r\n\r\n<\/li>\r\n<li>Zulfa AlDisi, Samir Jaoua, Dhabia Al-Thani, Saeed Almeer, Nabil Zouari, \u201cConsidering the Specific Impact of Harsh Conditions and Oil Weathering on Diversity, Adaptation, and Activity of Hydrocarbon-Degrading Bacteria in Strategies of Bioremediation of Harsh Oily-Polluted Soils\u201d BioMed Research International, 2017.\r\n\r\n<\/li>\r\n<li>M.I. Ahmad, Shereen Abdelfatah, Saeed Al-Meer \u201cHealth and Safety Concerns: Quantitative Studies of Leaching of Metals from Glazed Surfaces of Traditional Ceramic Potteries,\u201d International Journal of Public Health Research, 2017; 5(1): 13-19.\r\n\r\n<\/li>\r\n<li>Nasser A.M. Barakat, Mohannad Alajami, Yazan Al Haj, M. Obaid, Saeed Al-Meer. \u201cEnhanced onset potential NiMn-decorated activated carbon as effective and Applicable anode in urea fuel cells\u201d Catalysis Communications, 97, 2017, 32\u201336.\r\n\r\n<\/li>\r\n<li>Saeed Al-Meer, Zafar Khan Ghouri, Khaled Elsaid, Ahmed Easa, Muneera Th. Al-Qahtani, M. Shaheer Akhtar \u201cEngineering of magnetically separable ZnFe2O4@ TiO2 nanofibers for dye-sensitized solar cells and removal of pollutant from water\u201d\u00a0 Journal of Alloys and Compounds, Volume 723, 5, 2017, Pages 477-483.\r\n\r\n<\/li>\r\n<li>Zafar Khan Ghouri, Khaled Elsaid, Saeed Al-Meer, Nasser A. M. Barakat, Applicable anode based on Co3O4\u2013SrCO3 heterostructure Nano rods-incorporated CNFs with low-onset potential for DUFCs, Applied Nanoscience, pp 1\u20137, 2017\r\n\r\n<\/li>\r\n<li>Ahmad MI, Zafar Khan Ghouri, Shereen Abdelfattah, Ahmed Easa and Saeed Al-Meer, \u201cLeaching of Some Essential and Non-Essential Heavy Metals from Modern Glazed Ceramic Crockeries Imported into Qatar from China, India and Spain\u201d J Anal Bioanal Tech 2018, 9:1.\r\n\r\n<\/li>\r\n<li>Alajami, Mohannad Yassin, Mohamed A Ghouri, Zafar Khan Al-Meer, Saeed Barakat, Nasser \u201cInfluence of bimetallic nanoparticles composition and synthesis temperature on the electro catalytic activity of NiMn-incorporated carbon nanofibers toward urea oxidation\u201d International Journal of Hydrogen Energy, Volume 43, Issue 11, 15 March 2018, Pages 5561-5575.\r\n\r\n<\/li>\r\n<li>Nasser A. M. Barakat, Mohannad Alajami, Zafar Khan Ghouri, Saeed Al-Meer \u201cCoNi Nanoparticles\/CNT Composite as Effective Anode for Direct Urea Fuel Cells\u201d Int. J. Electrochem. Sci., 13 (2018) 4693 \u2013 4699.\r\n\r\n<\/li>\r\n<li>Nasser A. M. Barakat, Ahmed G. El-Deen, Zafar Khan Ghouri &amp; Saeed Al-Meer \u201cStable N-doped &amp; FeNi decorated graphene non-precious electro catalyst for Oxygen Reduction Reaction in Acid Medium\u201d Nature Publishing Group, Scientific REpOrtS | (2018) 8:3757.\r\n\r\n<\/li>\r\n<li>Barakat N.A.M, Alajami M3, Ghouri Z.K.4, Al-Meer S. \u201cEffective NiMn Nanoparticles-Functionalized Carbon Felt as an Effective Anode for Direct Urea Fuel Cells\u201d Nanomaterials (Basel). 2018 May 16;8(5).\r\n\r\n<\/li>\r\n<li>Z Khan Ghouri, S Al-Meer, NAM Barakat \u201cEngineering of nickel based catalyst for direct urea fuel cell-energy from municipal liquid waste (Mlw) \u201d\u00a0 Nova Science Publishers, Inc.\r\n\r\n<\/li>\r\n<li>ZK Ghouri, K Elsaid, A Abdala, S Al-Meer, NAM Barakat \u201cSurfactant\/organic solvent free single-step engineering of hybrid graphene-Pt\/TiO2 nanostructure: Efficient photocatalytic system for the treatment of wastewater coming from textile industries\u201d Scientific Reports 9 (1), 1-2\r\n\r\n<\/li>\r\n<li>\u00a0UR Gandra, SK Podiyanachari, AR Hlil, I Kulai, S Al\u2010Meer, M Al\u2010Hashimi\u201c Synthesis of thioether\u2010functional poly (olefin) s via ruthenium\u2010alkylidene initiated ring\u2010opening metathesis polymerization\u201d Journal of Polymer Science Part A: Polymer Chemistry 57 (16), 1741-1747\r\n\r\n<\/li>\r\n<li>SK Podiyanachari, UR Gandra, I Kulai, AR Hill, S Al-Meer, M Al-Hashimi, .\u201c Ring opening metathesis polymerization-derived sulfur functionalized polyolefins\u201d ABSTRACTS OF PAPERS OF THE AMERICAN CHEMICAL\u00a0\u00a0\u00a0\u00a0\u00a0\u00a0\u00a0\u00a0\u00a0\u00a0\u00a0 SOCIETY 258\r\n\r\n<\/li>\r\n<li>\u00a0Upendar Reddy Gandra, Alessandro Sinopoli, Salvador Moncho, Manjula NandaKumar, Dragan B. Ninkovic , Snezana D. Zaric\u00a0 ,Muhammad Sohail, Saeed Al-Meer, Edward N. Brothers, Nayef A. Mazloum, Mohammed Al-Hashimi,, and Hassan S. Bazzi , \u201c Green light-responsive CO-releasing polymeric materials derived from ring-opening metathesis polymerization\u201d\r\n\r\n<\/li>\r\n<li>ACS applied materials &amp; interfaces 11 (37), 34376-3438\r\n\r\n<\/li>\r\n<li>FAM Atia, MA Al-Ghouti, F Al-Naimi, M Abu-Dieyeh, T Ahmed, SH Al-Meer \u201cRemoval of toxic pollutants from produced water by phytoremediation: Applications and mechanistic study\u201d Journal of Water Process Engineering 32, 100990\r\n\r\n<\/li>\r\n<li>HL Su, JCL Lee, MIA Ibrahim, MHSA Alsafran, S Al-Meer \u201cDatabase Facilitated Screening with NMR Spectroscopy Analysis for Drug Detection\u201d 2019 IEEE Symposium Series on Computational Intelligence (SSCI), 219-224\r\n\r\n<\/li>\r\n<li>M El-Azazy, AS El-Shafie, A Elgendy, AA Issa, S Al-Meer, KA Al-Saad \u201cA comparison between different agro-wastes and carbon nanotubes for removal of sarafloxacin from wastewater: Kinetics and equilibrium studies\u201d Molecules 25 (22), 5429\r\n\r\n<\/li>\r\n<li>\u00a0M El-Azazy, AS El-Shafie, S Al-Meer, KA Al-Saad\r\n\r\n<\/li>\r\n<li>\u201c Eco-Structured Adsorptive Removal of Tigecycline from Wastewater: Date Pits\u2019 Biochar versus the Magnetic Biochar Nanomaterials 2021, 11, 30\r\n\r\n<\/li>\r\n<li>SK Podiyanachari, S Moncho, EN Brothers, S Al-Meer, M Al-Hashimi,\u00a0 Hassan S. Bazzi\u201c Macromolecules 53 (11), 4330-4337\r\n\r\n<\/li>\r\n<li>A El-Gendy, AS El-Shafie, A Issa, S Al-Meer, K Al-Saad, M El-Azaz \u201cCarbon-based materials (CBMS) for determination and remediation of antimicrobials in different substrates: Wastewater and infant foods as examples\u201d Carbon-Based Material for Environmental Protection and Remediation, 103-122\r\n\r\n<\/li>\r\n<li>\u00a0M El-Azazy, AS El-Shafie, S Al-Meer, KA Al-Saad \u201cEco-Structured adsorptive removal of tigecycline from wastewater: Date pits\u2019 biochar versus the magnetic biochar\u201d Nanomaterials 11 (1), 30\r\n\r\n<\/li>\r\n<li>SK Podiyanachari, M Bar\u0142\u00f3g, M Com\u00ed, S Attar, S Al\u2010Meer, M Al\u2010Hashimi, \u201cLiving ring\u2010opening metathesis polymerization of norbornenes bay\u2010functionalized perylene diimides\u201d Journal of Polymer Science 59 (24), 3150-3160<\/li>\r\n<\/ol>","protected":false},"excerpt":{"rendered":"<p>https:\/\/scholar.google.com\/citations?user=dugHp7QAAAAJ&#038;hl=en\u00a0 Edward J. Poziomek, and Saeed H. Almeer; \u201cSurface Adsorption and Retention of TNT Vapors\u201d SPIE (1998) Vol. 3575, pp. [&hellip;]<\/p>\n","protected":false},"author":1003,"featured_media":0,"parent":0,"menu_order":0,"comment_status":"closed","ping_status":"closed","template":"","meta":[],"_links":{"self":[{"href":"http:\/\/qufaculty.qu.edu.qa\/salmeer\/wp-json\/wp\/v2\/pages\/10"}],"collection":[{"href":"http:\/\/qufaculty.qu.edu.qa\/salmeer\/wp-json\/wp\/v2\/pages"}],"about":[{"href":"http:\/\/qufaculty.qu.edu.qa\/salmeer\/wp-json\/wp\/v2\/types\/page"}],"author":[{"embeddable":true,"href":"http:\/\/qufaculty.qu.edu.qa\/salmeer\/wp-json\/wp\/v2\/users\/1003"}],"replies":[{"embeddable":true,"href":"http:\/\/qufaculty.qu.edu.qa\/salmeer\/wp-json\/wp\/v2\/comments?post=10"}],"version-history":[{"count":2,"href":"http:\/\/qufaculty.qu.edu.qa\/salmeer\/wp-json\/wp\/v2\/pages\/10\/revisions"}],"predecessor-version":[{"id":12,"href":"http:\/\/qufaculty.qu.edu.qa\/salmeer\/wp-json\/wp\/v2\/pages\/10\/revisions\/12"}],"wp:attachment":[{"href":"http:\/\/qufaculty.qu.edu.qa\/salmeer\/wp-json\/wp\/v2\/media?parent=10"}],"curies":[{"name":"wp","href":"https:\/\/api.w.org\/{rel}","templated":true}]}}