{"id":49,"date":"2022-09-03T14:40:56","date_gmt":"2022-09-03T14:40:56","guid":{"rendered":"http:\/\/qufaculty.qu.edu.qa\/nejibdaly\/?page_id=49"},"modified":"2022-09-03T14:41:31","modified_gmt":"2022-09-03T14:41:31","slug":"grants-and-funded-projects","status":"publish","type":"page","link":"http:\/\/qufaculty.qu.edu.qa\/nejibdaly\/grants-and-funded-projects\/","title":{"rendered":"GRANTS AND FUNDED PROJECTS"},"content":{"rendered":"\n<figure class=\"wp-block-table\"><table><tbody><tr><td>Daly Yahia, M.N. (Principal Investigator). &nbsp;QUEX-CAS-NOC-22\/23 Project. Whale Shark Monitoring &#8211; Al Shaheen Oil Field System. North Oil Company \u2013 Qatar University Research Agreement. 1,145,752.00 US $. (February 2022 \u2013 February 2025) <br>Daly Yahia, M.N. (Lead Principal Investigator). UREP28-105-1-017 project. &#8220;Seasonal Zooplankton Diversity, Distribution and Valorization along a coastal to offshore gradient in Qatar\u2019s Pelagic Ecosystem&#8221;. Qatar University, $20,000.00. (January 2022, January <strong>2023<\/strong>). <br>Daly Yahia, M.N. (Lead Principal Investigator). UREP24-082-1-016 project. &#8220;Distribution, diversity and biochemical characterization of marine planktonic Copepods of Qatar&#8221;. Qatar University, $15,000.00. (October 23, 2019 &#8211; October 23, <strong>2020<\/strong>). &nbsp; <br>Daly Yahia, M.N. (Lead Principal Investigator). UREP24-082-1-017 project. &#8220;Zooxanthellae culture and cryopreservation as a tool for Coral Reefs restoration from bleaching and diseases&#8221;. Qatar University, $20,000.00. (October 23, 2019 &#8211; October 23, <strong>2020<\/strong>). &nbsp; <br>Daly Yahia, M.N. (Undergraduate Thesis internal grant). &#8220;Diversity, distribution, risk assessment and characterization of some jellyfishes from Qatar coastal waters,&#8221; Qatar University, QAR 10,000.00. (August 25, 2019 &#8211; May 28, <strong>2020<\/strong>). &nbsp; <br>Daly Yahia, M.N. (Undergraduate Thesis internal grant). &#8220;Impact of urbanization and anthropization on the diversity and quantitative distribution of Microzooplankton along the eastern coast of Qatar: interactions between microzooplankton, with other plankton groups and environmental parameters,&#8221; Qatar University, QAR 10,000.00. (August 25, 2019 &#8211; May 28, <strong>2020<\/strong>). &nbsp; <br>Daly Yahia, M.N. (Undergraduate Thesis internal grant). \u201cEffects of PAHs on the morphology, growth and photosynthetic activity of Zooxanthellae from Platygyra daedalea (Ellis and Solander, 1786) in Qatar Coral Reefs. Qatar University, QAR 10,000.00. (August 25, 2019 &#8211; May 28, <strong>2020<\/strong>). &nbsp; Founding Member and Co-Director between <strong>2014 and 2018<\/strong> of a Tunisian &#8211; French International Joint Laboratory (Laboratoire Mixte International sur les Contaminants Sud M\u00e9diterran\u00e9ens). Acronym: LMI Cosys-Med. (Total Budget: 200.000 euros \/ Faculty of Sciences of Bizerte (FSB) Budget: 45.000 euros \/ source of funding IRD France.<br>Scientific coordinator of ENPI project entitled \u201cM\u00e9thodologie Durables pour la R\u00e9habilitation et la Valorisation du Littotal C\u00f4tier. MEDCOT (<strong>2013-2016<\/strong>). Ref: 2PS2.2.016. (Total Budget: 708.900 euros \/ Faculty FSB Budget: 150.000 euros \/ source of funding European Union). &nbsp;<br>Scientific coordinator of an ENPI CBC-MED project entitled \u201cIntegrated monitoring of jellyfish outbreaks under anthropogenic and climatic impacts in the Mediterranean sea (coastal zones): trophic and socio-economic risks &#8211; MED-JELLYRISK (<strong>2012 \u2013 2015<\/strong>), Ref: I-A\/1.3\/098. (Total Budget: 2.5 million euros \/ Faculty FSB Budget 600.000 euros \/ source of funding European Union). &nbsp; <br>Scientific coordinator of a Tunisian \u2013 French bilateral project entitled &#8220;Impact of anthropization on diversity and functioning of the pelagic food web in the lagoon of Bizerte &#8211; Tunisia&#8221; Acronyme : JEAI ECOBIZ (<strong>2012 \u2013 2014<\/strong>) (Total budget 50.000 euros \/ Faculty FSB Budget 35000 euros \/ source of funding: IRD France).<\/td><\/tr><\/tbody><\/table><\/figure>\n","protected":false},"excerpt":{"rendered":"<p>Daly Yahia, M.N. (Principal Investigator). &nbsp;QUEX-CAS-NOC-22\/23 Project. Whale Shark Monitoring &#8211; Al Shaheen Oil Field System. North Oil Company \u2013 [&hellip;]<\/p>\n","protected":false},"author":1329,"featured_media":0,"parent":0,"menu_order":0,"comment_status":"closed","ping_status":"closed","template":"","meta":{"footnotes":""},"class_list":["post-49","page","type-page","status-publish","hentry"],"_links":{"self":[{"href":"http:\/\/qufaculty.qu.edu.qa\/nejibdaly\/wp-json\/wp\/v2\/pages\/49","targetHints":{"allow":["GET"]}}],"collection":[{"href":"http:\/\/qufaculty.qu.edu.qa\/nejibdaly\/wp-json\/wp\/v2\/pages"}],"about":[{"href":"http:\/\/qufaculty.qu.edu.qa\/nejibdaly\/wp-json\/wp\/v2\/types\/page"}],"author":[{"embeddable":true,"href":"http:\/\/qufaculty.qu.edu.qa\/nejibdaly\/wp-json\/wp\/v2\/users\/1329"}],"replies":[{"embeddable":true,"href":"http:\/\/qufaculty.qu.edu.qa\/nejibdaly\/wp-json\/wp\/v2\/comments?post=49"}],"version-history":[{"count":2,"href":"http:\/\/qufaculty.qu.edu.qa\/nejibdaly\/wp-json\/wp\/v2\/pages\/49\/revisions"}],"predecessor-version":[{"id":52,"href":"http:\/\/qufaculty.qu.edu.qa\/nejibdaly\/wp-json\/wp\/v2\/pages\/49\/revisions\/52"}],"wp:attachment":[{"href":"http:\/\/qufaculty.qu.edu.qa\/nejibdaly\/wp-json\/wp\/v2\/media?parent=49"}],"curies":[{"name":"wp","href":"https:\/\/api.w.org\/{rel}","templated":true}]}}