{"id":36,"date":"2022-09-03T14:13:44","date_gmt":"2022-09-03T14:13:44","guid":{"rendered":"http:\/\/qufaculty.qu.edu.qa\/nejibdaly\/?page_id=36"},"modified":"2022-09-03T14:13:45","modified_gmt":"2022-09-03T14:13:45","slug":"research-activities","status":"publish","type":"page","link":"http:\/\/qufaculty.qu.edu.qa\/nejibdaly\/research-activities\/","title":{"rendered":"RESEARCH ACTIVITIES"},"content":{"rendered":"\n<figure class=\"wp-block-table\"><table><tbody><tr><td><strong>Peer-reviewed Publications &#8211; International Peer-reviewed Publications 2000 -2022<\/strong> <br>Djebbi E., Daly Yahia M.N., Farcy E., Pringault O. and Bonnet D., 2022. Acute and chronic toxicity assessments of 17\u03b2-estradiol (E<sub>2<\/sub>) and 17\u03b1-ethinylestradiol (EE<sub>2<\/sub>) on the calanoid copepod <em>Acartia clausi<\/em>: effects on survival, development, sex-ratio and reproduction.\u00a0 <em>Sci Total Environ<\/em> 807. 150845. <a href=\"https:\/\/doi.org\/10.1016\/j.scitotenv.2021.150845\">https:\/\/doi.org\/10.1016\/j.scitotenv.2021.150845<\/a> <br>Makhlouf Belkahia N., Pagano M., Chevalier C., Devenon J.L. and Daly Yahia M.N., 2021. Zooplankton abundance and community structure driven by tidal currents in a Mediterranean coastal lagoon (Boughrara, Tunisia, SW Mediterranean Sea). Estuarine, Coastal and Shelf Science 250. 107101. <a href=\"https:\/\/doi.org\/10.1016\/j.ecss.2020.107101\">https:\/\/doi.org\/10.1016\/j.ecss.2020.107101<\/a> <br>Marambio M., Canepa A., L\u00f2pez L., Gauci A.A., Gueroun S.K.M, Zampardi S., Boero F., K\u00e9fi-Daly Yahia O., Daly Yahia M.N., Fuentes V., Piraino S. and Deidun A., 2021. Unfolding Jellyfish Bloom Dynamics along the Mediterranean Basin by Transnational Citizen Science Initiatives. MDPI <em>Diversity<\/em>, 13, 274.\u00a0 <a href=\"https:\/\/doi.org\/10.3390\/d13060274\">https:\/\/doi.org\/10.3390\/d13060274<\/a> <br>Djebbi E., Bonnet D., Pringault O., Tlili K. and Daly Yahia M.N., 2021. Effects of nickel oxide nanoparticles on survival, reproduction, and oxidative stress biomarkers in the marine calanoid cope calanoid copepod Centropages ponticus under short-term exposure. Environmental Science and Pollution Research. https:\/\/doi.org\/10.1007\/s11356-020-11781-1 <br>Lebrato M., Garbe-Sch\u00f6nberga D., M\u00fcllerb M.N., Blanco-Ameijeirasc S.,Feelyd R.A., Lorenzonie L., Molinero J.C., Bremera K., Jonesg D.O.B., Iglesias-Rodriguezh D., Greeleyd D., Lamarei M.D., Paulmierj A., Gracoj M., Cartesk J., Ramosl J.B., Laram A., Sanchez-Lealn R., Jimenezn P., Paparazzoo F.E., Hartmang S.E., Westernstr\u00f6era U., K\u00fctera M., Benavides R., da Silvap A.F., Bellq S., Payner C., Olafsdottirs S., Robinsont K., Jantunenu L.M., Korablevv L., Websterw R.J., Jonesx E.M., Gilgy O., Bailly du Boisz P., Beldowskiaa J., Ashjianb C., Daly Yahia M.N., Twiningd B., Chenee X., Tsengff L., Hwang J., Dahmsh H. and Oschlies A., 2020. Global variability in seawater Mg:Ca and Sr:Ca ratios in the modern ocean. Proceedings of the National Academy of Sciences (PNAS), 12. <a href=\"http:\/\/www.pnas.org\/cgi\/doi\/10.1073\/pnas.1918943117\">www.pnas.org\/cgi\/doi\/10.1073\/pnas.1918943117<\/a> <br>Hussain MB, Laabir M, Daly Yahia M.N., 2020. A novel index based on planktonic copepod reproductive traits as a tool for marine ecotoxicology studies. Sci Total Environ 727:138621. \u00a0<a href=\"https:\/\/doi.org\/10.1016\/j.scitotenv.2020.138621\">https:\/\/doi.org\/10.1016\/j.scitotenv.2020.138621<\/a>. <br>Gueroun S.M.K., Molinero J.C., Piraino S. and Daly Yahia M.N., 2020. Population dynamics and predatory impact of the alien jellyfish Aurelia solida (Cnidaria, Scyphozoa) in the Bizerte Lagoon (southwestern Mediterranean Sea). Mediterranean Marine Sciences. DOI: <a href=\"http:\/\/dx.doi.org\/10.12681\/mms.17358\">http:\/\/dx.doi.org\/10.12681\/mms.17358<\/a> <br>Ram\u00edrez-Romero E., Molinero J.C., Sommer U., Salhi N., Kefi &#8211; Daly Yahia O. and Daly Yahia M.N., 2020. Phytoplankton size changes and diversity loss parallel rising temperatures in the southwestern Mediterranean Sea. Estuarine, Coastal and Shelf Science, 235 (106574). \u00a0<a href=\"https:\/\/doi.org\/10.1016\/j.ecss.2019.106574\">https:\/\/doi.org\/10.1016\/j.ecss.2019.106574<\/a> <br>Ben Gharbia H., Laabir M., Ben Mhamed A., Gueroun S.K.M., Daly Yahia M.N., Nouri H., M\u2019Rabet C., Shili A., and K\u00e9fi-Daly Yahia O., 2019. Occurrence of epibenthic dinoflagellates in relation to biotic substrates and to environmental factors in Southern Mediterranean (Bizerte Bay and Lagoon, Tunisia): an emphasis on the harmful Ostreopsis spp., Prorocentrum lima and Coolia monotis. Harmful Algae, 90 (101704). \u00a0<a href=\"https:\/\/doi.org\/10.1016\/j.hal.2019.101704\">https:\/\/doi.org\/10.1016\/j.hal.2019.101704<\/a> <br>Salhi N., Zmerli-Triki, H., Molinero J.C., Laabir M., Sehli E., Bellaaj-Zouari A., Daly Yahia M.N. and Kefi-Daly Yahia O., 2018. Seasonal variability of picophytoplankton under contrasting environments in northern Tunisian coasts, southwestern Mediterranean Sea. Marine Pollution Bulletin. 129: 866-874. <br>Balistreri P., Spiga, A., Deidun A., Gueroun S.K.M. and Daly Yahia M.N., 2017. Further spread of the venomous jellyfish Rhopilema nomadica Galil, Spannier &amp; Ferguson, 1990 (Rhizostomeae, Rhizostomatidae) in the western Mediterranean. BioInvasions Records. 6 (1): 19-24. <br>Ensibi, C., Mrabet C., Chalghaf M. and Daly Yahia M.N., 2017. Antioxidant enzyme activity and lipid peroxidation in gills of fish (Sparus aurata) upon exposure to swarms of Pelagia noctiluca. Aquaculture Int. 25 (2): 555-565. <br>Ensibi, C. and Daly Yahia M.N., 2017. Toxicity assessment of cadmium chloride on planktonic copepods Centropages ponticus using biochemical markers. Toxicology Reports. 4 : 83-88. <br>Hidouri, S., Ensibi, C., Landoulsi, A. and Daly Yahia M.N., 2017. Effects of chronic exposure to silver nanoparticles on Ruditaped decussatus gills using biochemical markers. Water Air Soil Pollution. 228 (2), 79. DOI 10.1007\/s11270-017-3265-0. <br>Bosch-Belmar M., Mrabet C., Dhaouadi R., Chalghaf M., Daly Yahia M.N., Fuentes V., Piraino S. and Kefi-Daly Yahia O., 2016. Jellyfish Stings Trigger Gill Disorders and Increased Mortality in Farmed Sparus aurata (Linnaeus, 1758) in the Mediterranean Sea. PLOS One DOI:10.1371\/journal.pone.0154239. <br>Gueroun S. K. M., Acevedo M. J., K\u00e9fi-Daly Yahia O., Deidun A., Fuentes V. L., Piraino S. and Daly Yahia M. N., 2015. First records of Carybdea marsupialis proliferation (Cnidaria: Cubozoa) along the eastern Tunisian coast (Central Mediterranean). Italian Journal of Zoology, 82:3, 430-435, DOI: 10.1080\/11250003.2015.1045945. <br>Ben Lamine Y., Pringault O., Aissi M., Ensibi C., Mahmoudi E., Daly Yahia-Kefi O. and Daly Yahia M.N., 2015. Environmental controlling factors of copepod communities in the Gulf of Tunis (South Western Mediterranean Sea). Cahier de Biologie Marine. 56 : 213-229. <br>Ensibi C., Gueroun, S.K.M., and Daly Yahia M.N., 2015. Effects of cadmium treatment on larval mortality and settlement success of the scyphomedusae Aurelia aurita. GERF Bulletin of Biosciences. 6(2): 2229-6433. <br>Ensibi, C., Pringault, O., Hannaoui, W. and Daly Yahia, M.N.\u00a0 2015. Effects of Cadmium Exposure on Reproduction and Survival of the Planktonic Copepod Centropages ponticus. Marine Sci Res Dev. 5(1):\u00a0 2155-9910. Ensibi, C., Lahbib, K., Mrabet, CH. and Daly Yahia, M.N., 2015. Antioxidant activity of Aplysia depilans collected from Bizerte Channel (NE Tunisia). Algerian Journal of Natural Products 3:1.\u00a0 138-145. <br>A\u00efssi M., Arcangeli A., Crosti R., Daly Yahia M. N., Loussaief B., Moulins A., Pellegrino G., Rosso M., Tringali L. M. and Tepsich P., 2015. Cetacean Occurrence and Spatial Distribution in the Central Mediterranean Sea Using Ferries as Platform of Observation. Russian Journal of Marine Biology 41 (5): 343\u2013350. <br>Necibi M., Mzoughia N., Daly Yahia M.N. and Pringault O., 2015. Distributions of organochlorine pesticides and polychlorinated biphenyl in surface water from Bizerte Lagoon, Tunisia. Desalination and Water Treatment 56 (10): 2663-2671. <br>Aissi M., Touzri C., Gueroun SKM, Kefi-Daly Yahia O. and Daly Yahia M.N., 2014. Persistent occurrence and life cycle of Pelagia noctiluca in the channel of Bizerte (Northern Tunisia). Eco. Env. &amp; Cons. 20 (4) : 1453-1460. <br>Ensibi C., Soler-Rodriguez F., Miguez-Santiyan M.P., Perez-Lopez M., Daly Yahia M.N. and Hernandez-Moreno D., 2014. Zn(II), Pb(II) and Cd(II) levels in livers and muscles of wild duck (Anas plathyrynchos) hunting in El Melah Lagoon (NE Tunisia). Algerian Journal of Natural Products 2\/3: 98-104. <br>Gueroun, S.K.M., Kefi-Daly Yahia, O., Deidun, A., Fuentes, V., Piraino, S. and Daly Yahia, M.N. 2014. First record and potential trophic impact of Phyllorhiza punctata (Cnidaria : Scyphozoa) along the north Tunisian coast (South Western Mediterranean Sea). Italian Journal of Zoology. 82:1, 95-100, DOI: 10.1080\/11250003.2014.981306. <br>Neffati N., Daly Yahia \u2013 Kefi O., Bonnet D., Carlotti F. and Daly Yahia M.N., 2013. Reproductive traits of two calanoid copepods : Centropages ponticus and Temora stylifera, in autumn in Bizerte Channel., 2012. Journal of Plankton Research.January\/February 35 (1): 80-96.doi: 10.1093\/plankt\/fbs071. <br>Ensibi, C., Perez-Lopez, M., Soler-Rodriguez, F., Miguez-Santiyan, M.P., Daly Yahia, M.N. and Hernandez-Moreno, D., 2013. Effects of deltamethrin on biometric parameters and liver biomarkers in common carp (Cyprinus carpio L.). Environmental Toxicology and Pharmacology 36: 384-391. <br>Daly Yahia M.N., Kefi-Daly Yahia O., Gueroun, S.K.M., Aissi M., Deidun A., Fuentes V. and Piraino S., 2013. The invasive tropical scyphozoan Rhopilema nomadica Galil, 1990 reaches the Tunisian coast of the Mediterranean Sea. BioInvasions Records. 2 (4): 319-323.<br>Touzri C., Hamdi H., Goy J. and Daly Yahia M.N., 2012. Diversity and Distribution of the Gelatinous zooplankton in the south western Mediterranean Sea. Marine Ecology 33 (4): 393-529. DOI: 10.1111\/j.1439-0485.2012.00510.x. <br>Bonnet D., Molinero J.C., Schohn T. and Daly Yahia M.N., 2012. Seasonal changes in the population dynamics of Aurelia aurita in Thau lagoon. Cahier de Biologie Marine. 53 : 343-347. <br>Annabi-Trabelsi N., Daly Yahia M.N., Belmonte G., Aleya L. and Ayadi H., 2012. Impacts of very warm temperature on egg production rates of three Acartiidae (Crustacea, Copepoda) in a Northern African lagoon. Journal of Thermal Biology. 37: 445-453. <br>Ensibi, C., D. Hernandez-Moreno, M. P. Miguez Santiyan, M. N. Daly Yahia, F. Soler Rodriguez and M. Perez-Lopez, 2012. &#8220;Effects of carbofuran and deltamethrin on acetylcholinesterase activity in brain and muscle of the common carp.&#8221; Environmental Toxicology 29(4): 386-393. <br>Licandro P., Conway D.V.P., Daly Yahia M.N., Fernandez De Puelles M.L., Gasparini S., Hecq J.H., Tranter P. and Kirby R.R., 2010. A blooming jellyfish in the northeast Atlantic and Mediterranean. Biology Letters 6(5): 688-91. doi: 10.1098\/rsbl.2010.0150. <br>Touzri C., Kefi-Daly Yahia O., Hamdi H., Goy J. and Daly Yahia M.N., 2010. Spatio-temporal distribution of Medusae (Cnidaria) in the Bay of Bizerte (South Western Mediterranean Sea). Cahier de Biologie Marine 51: 167-176. <br>Molinero J.C., Vukanic V., Lucic D., Ibanez F., Nival P., Licandro P., Calbet A., Christou E.D., Daly Yahia M.N., Fernandez De Puelles M.L., Mazocchi M.G. and Siokou-Frangou I., 2009. Mediterranean marine copepods: basin-scale trends of the calanoid Centropages typicus. Hydrobiologia. 617: 41-53. DOI 10.1007\/s10750-008-9524-8 <br>Bellakhal M., Daly Yahia &#8211; Kefi O., Bellakhal &#8211; Fartouna M. et Daly Yahia M.N., 2009. Effet d&#8217;une pollution thermique et d&#8217;une eutrophisation c\u00f4ti\u00e8re sur la distribution du phytoplancton de la Baie de Sousse, Tunisie. REDVET- Revista Electronica de Veterinaria. 10 (9). ISSN: 1695 &#8211; 7504. (http:\/\/www.veterinaria.org\/revistas\/redvet\/n090909.html). <br>Annabi-Trabelsi N. and Daly Yahia M. N., 2009. Centropages kroyeri egg production rate as a function of lagoon summer conditions. Thalassia Sal., 32: 17\u201327. <br>Souissi A., Souissi S. and Daly Yahia M.N., 2008. Temporal variability of abundance and reproductive traits of Centropages kroyeri (Calanoida, Copepoda) in Bizerte Channel (SW Mediterranean Sea, Tunisia). Journal of Experimental Marine Biology and Ecology 355: 125-136. <br>Addad S., Daly Yahia M.N., Belghith H., Zamamouch S., Goy J. and Daly Yahia &#8211; Kefi O., 2008. Analyse taxinomique, \u00e9cologique et caract\u00e9risation biochimique des scyphom\u00e9duses de la Baie de Bizerte et de Tunis (Juillet &#8211; D\u00e9cembre 2004). Bulletin de la Soci\u00e9t\u00e9 Zoologique de France. 133 (1-3): 33 \u2013 41. <br>Khelifi \u2013 Touhami M., Semroud R., Hamdi H., Ounissi M., Haridi A., Daly Yahia M.N. and Aissa P., 2007. The planktonic copepod communities from the southern Mediterranean Sea (Algeria, Tunisia) with a re-description of Paracalanus indicus Wolfenden 1905 (Copepoda: Calanoida). Cahier de Biologie Marine 48: 327 \u2013 337. <br>Daly Yahia &#8211; Kefi O., Souissi S., De Stefano M. and Daly Yahia M.N., 2005. Bellerochea horologicalis and Lithodesmioides polymorpha var. tunisiense var. nov. (Coscinodiscophyceae, Bacillariophyta) in the Bay of Tunis: ultrastructural observations and spatio-temporal distribution. Botanica Marina 48: 58 \u2013 72. <br>Bonnet D., Richardson A., Harris R., Hirst A., Beaugrand G., Edwards M., Ceballos S., Diekman R., Lopez-Urrutia A., Valdes L., Carlotti F., Molinero J.C., Weikert H., Greve W., Lucic D., Albaina A., Daly Yahia M.N., Fonda-Umani S., Miranda A., Dos Santos A., Cook K., Robinson S. and Fernandez De Puelles M.L., 2005. An overview of Calanus helgolandicus ecology in European waters. Progress in Oceanography, 65 : 1 \u2013 53. <br>Daly Yahia- K\u00e9fi O., Souissi S., Fernando G. and Daly Yahia M.N., 2005.\u00a0 Effect of nutrient disturbances on the microphytoplankton structure in the Bay of Tunis (SW Mediterranean Sea). Mediterranean Marine Science, Vol 6\/1 : 17-34. <br>Daly Yahia M.N., Daly Yahia \u2013 Kefi O., Souissi S., Maamouri F. and Aissa P., 2005. Etude des associations sp\u00e9cifiques Tintinnides (Ciliophora, Tintinnina) \u2013 Dinoflagell\u00e9s (Dinophyceae) au niveau de la baie de Tunis et de deux lagunes associ\u00e9es: Ghar El Melh et Tunis Sud. La Mer (Revue Franco_ Japonaise), 42 (3): 19-32. <br>Annebi-Trabelsi N., Daly Yahia M.N., Romdhane M.S., and Ben Maiz N. 2005. Short-term and seasonal variability of planktonic copepods in Tunis North Lagoon (Tunisia, North Africa). Cahier de Biologie Marine 46: 1 \u2013 9. Daly Yahia M.N., Souissi S., and Daly Yahia- K\u00e9fi O., 2004. Spatio-temporal structure of planktonic copepods in the Bay of Tunis (South Western Mediterranean Sea). Zoological studies 43 (2): 8 \u2013 19 <br>Touzri C., Daly Yahia M.N. and Goy J., 2004. Le Plancton G\u00e9latineux de la Baie de Sousse (M\u00e9diterran\u00e9e M\u00e9ridionale): Syst\u00e9matique et Ecologie. Bulletin de la Soci\u00e9t\u00e9 Zoologique de France 129 (4): 379 &#8211; 392. <br>Daly Yahia M.N., Goy J. and Daly Yahia \u2013 Kefi O., 2003. Distribution et \u00e9cologie des M\u00e9duses (Cnidaria) du golfe de Tunis (M\u00e9diterran\u00e9e sud occidentale). Oceanologica Acta. 26: 645 \u2013 655. <br>Annabi-Trabelsi N., Trabelsi E.B., Daly Yahia M.N., Ben Maiz N. and Romdhane M.S. Preliminary evaluation of trophic state of the North Lake of Tunis waters (Application of the trophic index TRIX). 2003. Water, Waste and Environment Research 4 (1-2): 39 \u2013 46. <br>Daly Yahia- K\u00e9fi O., Nezan E. and Daly Yahia M.N., 2001. Sur la pr\u00e9sence du genre Alexandrium Halim dans la Baie de Tunis (Tunisie). Oceanologica Acta. 24 (S):17-25. <br>Souissi S., Daly Yahia-Kefi O. and Daly Yahia M.N., 2000. Spatial characterization of nutrient dynamics in the Bay of Tunis (south-western Mediterranean) using multivariate analyses: consequences for phyto- and zooplankton distribution. Journal of Plankton Research 22 (11): 2039-2059.<\/td><\/tr><\/tbody><\/table><\/figure>\n","protected":false},"excerpt":{"rendered":"<p>Peer-reviewed Publications &#8211; International Peer-reviewed Publications 2000 -2022 Djebbi E., Daly Yahia M.N., Farcy E., Pringault O. and Bonnet D., [&hellip;]<\/p>\n","protected":false},"author":1329,"featured_media":0,"parent":0,"menu_order":0,"comment_status":"closed","ping_status":"closed","template":"","meta":{"footnotes":""},"class_list":["post-36","page","type-page","status-publish","hentry"],"_links":{"self":[{"href":"http:\/\/qufaculty.qu.edu.qa\/nejibdaly\/wp-json\/wp\/v2\/pages\/36","targetHints":{"allow":["GET"]}}],"collection":[{"href":"http:\/\/qufaculty.qu.edu.qa\/nejibdaly\/wp-json\/wp\/v2\/pages"}],"about":[{"href":"http:\/\/qufaculty.qu.edu.qa\/nejibdaly\/wp-json\/wp\/v2\/types\/page"}],"author":[{"embeddable":true,"href":"http:\/\/qufaculty.qu.edu.qa\/nejibdaly\/wp-json\/wp\/v2\/users\/1329"}],"replies":[{"embeddable":true,"href":"http:\/\/qufaculty.qu.edu.qa\/nejibdaly\/wp-json\/wp\/v2\/comments?post=36"}],"version-history":[{"count":1,"href":"http:\/\/qufaculty.qu.edu.qa\/nejibdaly\/wp-json\/wp\/v2\/pages\/36\/revisions"}],"predecessor-version":[{"id":38,"href":"http:\/\/qufaculty.qu.edu.qa\/nejibdaly\/wp-json\/wp\/v2\/pages\/36\/revisions\/38"}],"wp:attachment":[{"href":"http:\/\/qufaculty.qu.edu.qa\/nejibdaly\/wp-json\/wp\/v2\/media?parent=36"}],"curies":[{"name":"wp","href":"https:\/\/api.w.org\/{rel}","templated":true}]}}