{"id":16,"date":"2016-04-19T06:43:18","date_gmt":"2016-04-19T06:43:18","guid":{"rendered":"http:\/\/qufaculty.qu.edu.qa\/mgharaibeh\/?page_id=16"},"modified":"2025-10-13T17:28:50","modified_gmt":"2025-10-13T17:28:50","slug":"publication","status":"publish","type":"page","link":"http:\/\/qufaculty.qu.edu.qa\/mgharaibeh\/publication\/","title":{"rendered":"Publications"},"content":{"rendered":"<p>[vc_row][vc_column][vc_column_text]<\/p>\n<ol>\n<li><strong>M. F. Gharaibeh<\/strong> and K. T\u0151k\u00e9si; Calculation of Dielectronic Recombination Of Lithium-Like Ni<sup>25+<\/sup>; <em>Journal of Electron Spectroscopy and Related Phenomena;<\/em> <strong>282<\/strong>: 147561; 2025. <a href=\"https:\/\/doi.org\/10.1016\/j.elspec.2025.147561\">https:\/\/doi.org\/10.1016\/j.elspec.2025.147561\u00a0<\/a><\/li>\n<li>Mariem Chamakh, Ahmad I. Ayesh, and Mohammad F. Gharaibeh; Fabrication and characterization of RuO2 loaded PANI\/PVA nanofibers; <em>J. Appl. Polym. Sci.<\/em>; <strong>137<\/strong>: 49125; 2020. <a href=\"https:\/\/doi.org\/10.1002\/app.49125\" target=\"_blank\" rel=\"noopener\">https:\/\/doi.org\/10.1002\/app.49125<\/a><\/li>\n<li>V. Jonauskas; A. Kyni\u00e9n; S. Ku\u010das; S. Pakalka; \u0160. Masys; A. Prancikevi\u010dius; A. Borovik Jr.; <strong>M. F. Gharaibeh<\/strong>; S. Schippers; A. M\u00fcller; Electron-impact ionization of W<sup>5+<\/sup>; <em>Phys. Rev. A.; <\/em><strong>100<\/strong>: 062701; 2019.\u00a0<a href=\"https:\/\/doi.org\/10.1103\/PhysRevA.100.062701\" target=\"_blank\" rel=\"noopener\">https:\/\/doi.org\/10.1103\/PhysRevA.100.062701<\/a><\/li>\n<li>B. M. McLaughlin, J.-M. Bizau, D. Cubaynes, S. Guilbaud, S. Douix, M. M. Al Shorman, M. O. A. El Ghazaly, I. Sakho and <strong>M. F. Gharaibeh<\/strong>; K-shell photoionisation of O<sup>4+<\/sup> and O<sup>5+<\/sup> ions: experiment and theory; <em>Mon. Not. Roy. Astro. Soc.<\/em>; <strong>465<\/strong>: 4690-4702; 2017.\u00a0<a href=\"https:\/\/doi.org\/10.1093\/mnras\/stw2998\" target=\"_blank\" rel=\"noopener\">https:\/\/doi.org\/10.1093\/mnras\/stw2998<\/a><\/li>\n<li>J. M. Bizau; D. Cubaynes; S. Guilbaud; M. M. Al-Shorman; <strong>M. F. Gharaibeh<\/strong>; I. Q. Ababneh; C Blancard; B M McLaughlin; K-shell photoionization of O<sup>+<\/sup> and O<sup>2+<\/sup> ions: Experiment and theory.; <em>Phys. Rev. A.; <\/em><strong>92<\/strong>: 023401; 2015.\u00a0<a href=\"https:\/\/link.aps.org\/doi\/10.1103\/PhysRevA.92.023401\" target=\"_blank\" rel=\"noopener\">https:\/\/link.aps.org\/doi\/10.1103\/PhysRevA.92.023401<\/a><\/li>\n<li>A Borovik Jr; <strong>M F Gharaibeh<\/strong>; S Schippers; A M\u00fcller; Plasma rate coefficients for electron-impact ionization of X<em><sup>q<\/sup><\/em><sup>+<\/sup> ions (<em>q<\/em> = 8, \u2026, 17).; <em>J. Phys. B.; <\/em><strong>48:<\/strong> 035203; 2015.\u00a0<a href=\"https:\/\/doi.org\/10.1088\/0953-4075\/48\/3\/035203\" target=\"_blank\" rel=\"noopener\">https:\/\/doi.org\/10.1088\/0953-4075\/48\/3\/035203<\/a><\/li>\n<li>B M McLaughlin; J M Bizau; D Cubaynes; M M Al-Shorman; S Guilbaud; I Sakho; C Blancard;<strong> M F Gharaibeh<\/strong>; K-Shell Photoionization of B-like Oxygen (O<sup>3+<\/sup>) Ions: Experiment and Theory.; <em>J. Phys. B.<\/em>; <strong>47<\/strong>: 115201; 2014.\u00a0<a href=\"https:\/\/doi.org\/10.1088\/0953-4075\/47\/11\/115201\" target=\"_blank\" rel=\"noopener\">https:\/\/doi.org\/10.1088\/0953-4075\/47\/11\/115201<\/a><\/li>\n<li><strong>M F Gharaibeh<\/strong>; N El Hassan; M M Al Shorman; J M Bizau; D Cubaynes; S Guilbaud; I Sakho; C Blancard; B M McLaughlin; K-Shell Photoionization of B-like Atomic Nitrogen Ions: Experiment and Theory.; <em>J. Phys. B.<\/em>; <strong>47<\/strong>: 065201; 2014.\u00a0<a href=\"https:\/\/doi.org\/10.1088\/0953-4075\/47\/6\/065201\" target=\"_blank\" rel=\"noopener\">https:\/\/doi.org\/10.1088\/0953-4075\/47\/6\/065201<\/a><\/li>\n<li>M\u00fcller A.; Schippers S.; Phaneuf R.A.; Scully S.W.J.; Aguilar A.; Cisneros C.; <strong>Gharaibeh M.F.<\/strong>; Schlachter A.S.; McLaughlin B.M.; K-shell photoionization of Be-like Boron (B<sup>+<\/sup>) Ions: Experiment and Theory.; <em>J. Phys. B.;<\/em> <strong>47<\/strong>: 135201; 2014.\u00a0<a href=\"https:\/\/doi.org\/10.1088\/0953-4075\/47\/13\/135201\" target=\"_blank\" rel=\"noopener\">https:\/\/doi.org\/10.1088\/0953-4075\/47\/13\/135201<\/a><\/li>\n<li>M S Pindzola; S D Loch; A Borovik Jr; <strong>M F Gharaibeh<\/strong>; J K Rudolph; S Schippers; A M\u00fcller; Electron-impact ionization of moderately charged xenon ions.; <em>J. Phys. B.; <\/em><strong>46<\/strong>: 215202; 2013.\u00a0<a href=\"https:\/\/doi.org\/10.1088\/0953-4075\/46\/21\/215202\" target=\"_blank\" rel=\"noopener\">https:\/\/doi.org\/10.1088\/0953-4075\/46\/21\/215202<\/a><\/li>\n<li>M M Al Shorman; <strong>M F Gharaibeh<\/strong>; J M Bizau1; D Cubaynes; S Guilbaud; N El Hassan1z; C Miron; C Nicolas; E Robert; I Sakho; C Blancard; B MMcLaughlin; K-Shell Photoionization of Be-like and Li-like Ions of Atomic Nitrogen: Experiment and Theory.; <em>J. Phys. B.;<\/em><strong>46<\/strong> :195701; 2013. (<strong>Highlight Article for the year 2013<\/strong>).\u00a0<a href=\"https:\/\/doi.org\/10.1088\/0953-4075\/46\/19\/195701\" target=\"_blank\" rel=\"noopener\">https:\/\/doi.org\/10.1088\/0953-4075\/46\/19\/195701<\/a><\/li>\n<li>A Borovik Jr; <strong>M F Gharaibeh<\/strong>; P M Hillenbrand; S Schippers; A M\u00fcller; Detailed investigation of electron-impact single-ionization cross sections and plasma rate coefficients of N-shell tin ions.; <em>J. Phys. B.; <\/em><strong>46<\/strong>: 175201; 2013.\u00a0<a href=\"https:\/\/doi.org\/10.1088\/0953-4075\/46\/17\/175201\" target=\"_blank\" rel=\"noopener\">https:\/\/doi.org\/10.1088\/0953-4075\/46\/17\/175201<\/a><\/li>\n<li>Isam M. Arafa; <strong>Mohammad F. Gharaibeh<\/strong>; Mazin Shatnawi; Javier Perez; SAXS and DSC studies on the structural characteristics of siliconized s-triazine glassy hybrid materials.; <em>J. Non-Cryst. Sol.<\/em>; <strong>358<\/strong>: 1044-1051; 2012.\u00a0<a href=\"https:\/\/doi.org\/10.1016\/j.jnoncrysol.2012.01.046\" target=\"_blank\" rel=\"noopener\">https:\/\/doi.org\/10.1016\/j.jnoncrysol.2012.01.046<\/a><\/li>\n<li><strong>M F Gharaibeh<\/strong>; J M Bizau; D Cubaynes; S Guilbaud; N El Hassan; M M Al Shorman; C Miron; C Nicolas; E Robert; C Blancard; B M McLaughlin; K-Shell Photoionization of Singly Ionized Atomic Nitrogen: Experiment and Theory.; <em>J. Phys. B.<\/em>; <strong>44<\/strong>: 175208; 2011. (<strong>Featured Article<\/strong>)\u00a0<a href=\"https:\/\/doi.org\/10.1088\/0953-4075\/44\/17\/175208\" target=\"_blank\" rel=\"noopener\">https:\/\/doi.org\/10.1088\/0953-4075\/44\/17\/175208<\/a><\/li>\n<li><strong>Gharaibeh M.F.<\/strong>; Aguilar A.; Covington A.M.; Emmons E.D.; Scully S.W.J.; Phaneuf R.A.; M\u00fcller A.; Bozek J.D.; Kilcoyne A.L.D.; Schlachter A.S.; \u00c1lvarez I.; Cisneros C.; Hinojosa G.; Photoionization Measurements for the Iron Isonuclear Sequence Fe<sup>3+<\/sup>, Fe<sup>5+<\/sup> and Fe<sup>7+<\/sup>.; <em>Phys. Rev. A.; <\/em><strong>83<\/strong>: 043412; 2011.\u00a0<a href=\"https:\/\/link.aps.org\/doi\/10.1103\/PhysRevA.83.043412\" target=\"_blank\" rel=\"noopener\">https:\/\/link.aps.org\/doi\/10.1103\/PhysRevA.83.043412<\/a><\/li>\n<li>J M Bizau; C Blancard; M Coreno; D Cubaynes; C Dehon; N El Hassan; F Folkmann; <strong>M F Gharaibeh<\/strong>; A Giuliani; J Lemaire; A R Milosavljevi\u0107; C Nicolas; R Thissen; Photoionization study of Kr<sup>+<\/sup> and Xe<sup>+<\/sup> ions with the combined use of a merged-beam set-up and an ion trap.; <em>J. Phys. B.; <\/em><strong>44:<\/strong> 055205; 2011.\u00a0<a href=\"https:\/\/doi.org\/10.1088\/0953-4075\/44\/5\/055205\" target=\"_blank\" rel=\"noopener\">https:\/\/doi.org\/10.1088\/0953-4075\/44\/5\/055205<\/a><\/li>\n<li>M\u00fcller A.; Schippers S.; Phaneuf R.A.; Scully S.W.J.; Aguilar A.; Cisneros C.; <strong>Gharaibeh M.F.<\/strong>; Schlachter A.S.; McLaughlin B.M.; K-shell photoionization of ground-state Li-like boron ions [B<sup>2+<\/sup>]: experiment and theory.; <em>J. Phys. B<\/em>.; <strong>43<\/strong>: 135602; 2010.\u00a0<a href=\"https:\/\/doi.org\/10.1088\/0953-4075\/43\/13\/135602\" target=\"_blank\" rel=\"noopener\">https:\/\/doi.org\/10.1088\/0953-4075\/43\/13\/135602<\/a><\/li>\n<li>M\u00fcller A.; Schippers S.; Phaneuf R.A.; Scully S.W.J.; Aguilar A.;Covington A.M.; \u00c1lvarez I; Cisneros C.; Emmons E.D.; <strong>Gharaibeh M.F.<\/strong>; Hinojosa G.; Schlachter A.S.; McLaughlin B.M.; K-shell photoionization of ground-state Li-like carbon ions [C<sup>3+<\/sup>]: experiment, theory and comparison with time-reversed photorecombination.; <em>J. Phys. B<\/em>.; <strong>42<\/strong>: 235602; 2009.\u00a0<a href=\"https:\/\/doi.org\/10.1088\/0953-4075\/42\/23\/235602\" target=\"_blank\" rel=\"noopener\">https:\/\/doi.org\/10.1088\/0953-4075\/42\/23\/235602<\/a><\/li>\n<li>Lu M.; Alna\u2019washi G.; Habibi M.; <strong>Gharaibeh M.F.<\/strong>; Phaneuf R.A.; Kilcoyne A.L.D.; Levenson E.; Schlachter A.S.; Cisneros C.; Hinojosa G.; Photoionization and Electron-impact Ionization of Kr<sup>3+<\/sup>.; <em>Phys. Rev. A.;<\/em> <strong>74<\/strong>: 062701; 2006.\u00a0<a href=\"https:\/\/link.aps.org\/doi\/10.1103\/PhysRevA.74.062701\" target=\"_blank\" rel=\"noopener\">https:\/\/link.aps.org\/doi\/10.1103\/PhysRevA.74.062701<\/a><\/li>\n<li>Scully S.W.J.; \u00c1lvarez I.; Cisneros C.; Emmons E.D.; <strong>Gharaibeh M.F.<\/strong>; Leitner D.; Lubell M.S.; M\u00fcller A.; Phaneuf R.A.; P\u00fcttner R.; Schlachter A.S.; Schippers S.; Balance C.P.; McLaughlin B.M.; Doubly Excited Resonances in the Photoionization Spectrum of Li<sup>+<\/sup>: experiment and theory.; <em>J. Phys. B<\/em>.; <strong>39<\/strong>: 3957-3968; 2006.\u00a0<a href=\"https:\/\/doi.org\/10.1088\/0953-4075\/39\/18\/024\" target=\"_blank\" rel=\"noopener\">https:\/\/doi.org\/10.1088\/0953-4075\/39\/18\/024<\/a><\/li>\n<li>Lu M.; <strong>Gharaibeh M.F.<\/strong>; Alna\u2019washi G.; Phaneuf R.A.; Kilcoyne A.L.D.; Levenson E.; Schlachter A.S.; M\u00fcller A.; Schippers S.; Jacobi J.; Scully S.W.J.; Cisneros C.; Photoionization and Electron-impact Ionization of Kr<sup>5+<\/sup>.; <em>Phys. Rev. A.;<\/em> <strong>74<\/strong>: 012703; 2006.\u00a0<a href=\"https:\/\/link.aps.org\/doi\/10.1103\/PhysRevA.74.012703\" target=\"_blank\" rel=\"noopener\">https:\/\/link.aps.org\/doi\/10.1103\/PhysRevA.74.012703<\/a><\/li>\n<li>Aguilar A.; Gillaspy J.D.; Gribakin G.F.; Phaneuf R.A.; <strong>Gharaibeh M.F.<\/strong>; Kozlov M.G.; Bozek J.D.; Kilcoyne A.L.D.; Absolute photoionization cross sections for Xe<sup>4+<\/sup>, Xe<sup>5+<\/sup>, and Xe<sup>6+<\/sup> near 13.5 nm: Experiment and theory.; <em>Phys. Rev. A.;<\/em> <strong>73<\/strong>: 032717; 2006.\u00a0<a href=\"https:\/\/link.aps.org\/doi\/10.1103\/PhysRevA.73.032717\" target=\"_blank\" rel=\"noopener\">https:\/\/link.aps.org\/doi\/10.1103\/PhysRevA.73.032717<\/a><\/li>\n<li>Emmons E.D.; Aguilar A.; <strong>Gharaibeh M.F.<\/strong>; Scully S.W.J.; Phaneuf R.A.; Kilcoyne A.L.D.; Schlachter A.S.; \u00c1lvarez I.; Cisneros C.; Hinojosa G.; Photoionization and Electron-Impact Ionization of Xe<sup>3+<\/sup>.; <em>Phys. Rev. A.;<\/em> <strong>71<\/strong>: 042704; 2005. <a href=\"https:\/\/link.aps.org\/doi\/10.1103\/PhysRevA.71.042704\" target=\"_blank\" rel=\"noopener\">https:\/\/10.1103\/PhysRevA.71.042704<\/a><\/li>\n<li>Scully S.W.J.; Emmons E.D.; <strong>Gharaibeh M.F.<\/strong>; Phaneuf R.A.; Kilcoyne A.L.D.; Schlachter A.S.; Schippers S.; M\u00fcller A.; Chakraborty H.S.; Madjet M.E.; Rost J.M.; Photoexcitation of a Volume Plasmon in C<sub>60<\/sub> Ions.; <em>Phys. Rev. Lett.;<\/em> <strong>94<\/strong>: 065503; 2005.\u00a0<a href=\"https:\/\/link.aps.org\/doi\/10.1103\/PhysRevLett.94.065503\" target=\"_blank\" rel=\"noopener\">https:\/\/link.aps.org\/doi\/10.1103\/PhysRevLett.94.065503<\/a><\/li>\n<li>Aguilar A.; Emmons E.D.; <strong>Gharaibeh M.F.<\/strong>; Covington A.M.; Bozek J.D.; Ackerman G.; Canton S.; Rude B.; Schlachter A.S.; Hinojosa G.; \u00c1lvarez I.; Cisneros C.; McLaughlin B.M.; Phaneuf R.A.; Photoionisation of Ions of the Nitrogen Isoelectronic Sequence: Experiment and Theory for F<sup>2+<\/sup> and Ne<sup>3+<\/sup>.; <em>J. Phys. B<\/em>.; <strong>38<\/strong>: 343-361; 2005.\u00a0<a href=\"https:\/\/doi.org\/10.1088\/0953-4075\/38\/4\/003\" target=\"_blank\" rel=\"noopener\">https:\/\/doi.org\/10.1088\/0953-4075\/38\/4\/003<\/a><\/li>\n<li>Schippers S.; M\u00fcller A.; McLaughlin B.M.; Aguilar A.; Cisneros C.; Emmons E.D.; <strong>Gharaibeh M.F.<\/strong>; Phaneuf R.A.; Photoionization Studies of the B<sup>+<\/sup> Valance Shell: Experiment and Theory.; <em>J. Phys. B<\/em>.; <strong>36<\/strong>: 3371-3381; 2003.\u00a0<a href=\"https:\/\/doi.org\/10.1088\/0953-4075\/36\/16\/301\" target=\"_blank\" rel=\"noopener\">https:\/\/doi.org\/10.1088\/0953-4075\/36\/16\/301<\/a><\/li>\n<li>Schippers S.; M\u00fcller A.; Phaneuf R.A.; Zoest T. van; \u00c1lvarez I.; Cisneros C.; Emmons E.D.; <strong>Gharaibeh M.F.<\/strong>; Hinojosa G.; Schlachter A.S.; Scully S.W.J.; Threshold Truncation of a \u2018Giant\u2019 Dipole Resonance in Photoionization of Ti<sup>3+<\/sup>.; <em>J. Phys. B<\/em>.; <strong>37<\/strong>: L209-L216; 2003.\u00a0<a href=\"https:\/\/doi.org\/10.1088\/0953-4075\/37\/10\/L02\" target=\"_blank\" rel=\"noopener\">https:\/\/doi.org\/10.1088\/0953-4075\/37\/10\/L02<\/a><\/li>\n<li>Schippers S.; M\u00fcller A.; Ricz S.; Bannister M.E.; Dunn G.H.; Schlachter A.S.; Hinojosa G.; Cisneros C.; Aguilar A.; Covington A.M.; <strong>Gharaibeh M.F.<\/strong>; Phaneuf R.A.; Photoionization of Sc<sup>2+<\/sup> Ions by Synchrotron Radiation: Measurements and Absolute Cross Sections in the Photon Energy Range 23-68 eV.; <em>Phys. Rev. A<\/em>.; <strong>67<\/strong>: 032702; 2003.\u00a0<a href=\"https:\/\/link.aps.org\/doi\/10.1103\/PhysRevA.67.032702\" target=\"_blank\" rel=\"noopener\">https:\/\/link.aps.org\/doi\/10.1103\/PhysRevA.67.032702<\/a><\/li>\n<li>Schlachter A.S.; Sant\u2019Anna M.M.; Covington A.M.; Aguilar A.; <strong>Gharaibeh M.F.<\/strong>; Emmons E.D.; Scully S.W.J.; Phaneuf R.A.; Hinojosa G.; \u00c1lvarez I.; Cisneros C.; M\u00fcller A.; McLaughlin B.M.; Lifetime of a K-Shell Vacancy in Atomic Carbon Created by 1s \u2192 2p Photoexcitation of C<sup>+<\/sup>.; <em>J. Phys. B<\/em>.; <strong>37<\/strong>: L103-L109; 2003.\u00a0<a href=\"https:\/\/doi.org\/10.1088\/0953-4075\/37\/5\/L03\" target=\"_blank\" rel=\"noopener\">https:\/\/doi.org\/10.1088\/0953-4075\/37\/5\/L03<\/a><\/li>\n<li>Covington A.M.; Aguilar A.; Covington I.R.; <strong>Gharaibeh M.F.<\/strong>; Hinojosa G.; Shirley C.A.; Phaneuf R.A.; \u00c1lvarez I.; Cisneros C.; Dominguez-Lopez I.; Sant\u2019Anna M.M.; Schlachter A.S.; McLaughlin B.M.; Dalgarno A.; Photoionization of Ne<sup>+<\/sup> using synchrotron radiation.; <em>Phys. Rev. A<\/em>.; <strong>66<\/strong>: 062710; 2002.\u00a0<a href=\"https:\/\/link.aps.org\/doi\/10.1103\/PhysRevA.66.062710\" target=\"_blank\" rel=\"noopener\">https:\/\/link.aps.org\/doi\/10.1103\/PhysRevA.66.062710<\/a><\/li>\n<li>Schippers S.; M\u00fcller A.; Ricz S.; Bannister M.E.; Dunn G.H.; Bozek J.D.; Schlachter A.S.; Hinojosa G.; Cisneros C.; Aguilar A.; Covington A.M.; <strong>Gharaibeh M.F.<\/strong>; Phaneuf R.A.; Experimental Link of Photoionization of Sc<sup>2+<\/sup> to Photorecombination of Sc<sup>3+<\/sup>: An Application of Detailed Balance in a Unique Atomic System.; <em>Phys. Rev. Lett.<\/em>; <strong>89<\/strong>: 193002; 2002.\u00a0<a href=\"https:\/\/link.aps.org\/doi\/10.1103\/PhysRevLett.89.193002\" target=\"_blank\" rel=\"noopener\">https:\/\/link.aps.org\/doi\/10.1103\/PhysRevLett.89.193002<\/a><\/li>\n<li>M\u00fcller A.; Phaneuf R.A.; Aguilar A.; <strong>Gharaibeh M.F.<\/strong>; Schlachter A.S.; \u00c1lvarez I.; Cisneros C.; Hinojosa G.; McLaughlin B.M.; Photoionization of C<sup>2+<\/sup> Ions: Time-Reversed Recombination of C<sup>3+<\/sup> with Electrons.; <em>J. Phys. B<\/em>.; <strong>35: <\/strong>L137-L143; 2002.\u00a0<a href=\"https:\/\/doi.org\/10.1088\/0953-4075\/35\/7\/101\" target=\"_blank\" rel=\"noopener\">https:\/\/doi.org\/10.1088\/0953-4075\/35\/7\/101<\/a><\/li>\n<li>Covington A.M.; Aguilar A.; Covington I.R.; <strong>Gharaibeh M.<\/strong>; Shirley C.A.; Phaneuf R.A.; \u00c1lvarez I.; Cisneros C.; Hinojosa G.; Bozek J.D.; Dominguez I.; Sant\u2019Anna M.M.; Schlachter A.S.; Berrah N.; Nahar S.N.; McLaughlin B.M.; Photoionization of Metastable O<sup>+<\/sup> Ions: Experiment and Theory.;<em> Phys. Rev. Lett.<\/em>; <strong>87<\/strong>: 243002; 2001.\u00a0<a href=\"https:\/\/doi.org\/10.1103\/PhysRevLett.87.243002\" target=\"_blank\" rel=\"noopener\">https:\/\/doi.org\/10.1103\/PhysRevLett.87.243002<\/a><\/li>\n<li>Kantsyrev V; Bauer B; Shlyaptseva A; Fedin D; Hansen S; Presura R; Batie S; Brinsmead W; Faretto H; Le Galloudec B; Oxner A; Chamberlain D; Ouart N; Jones A; LeBeau H; <strong>Gharaibeh M<\/strong>; Advanced x-ray and extreme ultraviolet diagnostics and first applications to x-pinch plasma experiments at the Nevada Terawatt Facility.\u00a0 <em>Review of Scientific Instruments<\/em>.; <strong>72<\/strong>: 663; 2001.\u00a0<a href=\"https:\/\/doi.org\/10.1063\/1.1315646\" target=\"_blank\" rel=\"noopener\">https:\/\/doi.org\/10.1063\/1.1315646<\/a><\/li>\n<\/ol>\n<p>[\/vc_column_text][\/vc_column][\/vc_row]<\/p>\n","protected":false},"excerpt":{"rendered":"<p>[vc_row][vc_column][vc_column_text] M. F. Gharaibeh and K. T\u0151k\u00e9si; Calculation of Dielectronic Recombination Of Lithium-Like Ni25+; Journal of Electron Spectroscopy and Related [&hellip;]<\/p>\n","protected":false},"author":440,"featured_media":0,"parent":0,"menu_order":0,"comment_status":"closed","ping_status":"closed","template":"page-publications.php","meta":[],"_links":{"self":[{"href":"http:\/\/qufaculty.qu.edu.qa\/mgharaibeh\/wp-json\/wp\/v2\/pages\/16"}],"collection":[{"href":"http:\/\/qufaculty.qu.edu.qa\/mgharaibeh\/wp-json\/wp\/v2\/pages"}],"about":[{"href":"http:\/\/qufaculty.qu.edu.qa\/mgharaibeh\/wp-json\/wp\/v2\/types\/page"}],"author":[{"embeddable":true,"href":"http:\/\/qufaculty.qu.edu.qa\/mgharaibeh\/wp-json\/wp\/v2\/users\/440"}],"replies":[{"embeddable":true,"href":"http:\/\/qufaculty.qu.edu.qa\/mgharaibeh\/wp-json\/wp\/v2\/comments?post=16"}],"version-history":[{"count":10,"href":"http:\/\/qufaculty.qu.edu.qa\/mgharaibeh\/wp-json\/wp\/v2\/pages\/16\/revisions"}],"predecessor-version":[{"id":124,"href":"http:\/\/qufaculty.qu.edu.qa\/mgharaibeh\/wp-json\/wp\/v2\/pages\/16\/revisions\/124"}],"wp:attachment":[{"href":"http:\/\/qufaculty.qu.edu.qa\/mgharaibeh\/wp-json\/wp\/v2\/media?parent=16"}],"curies":[{"name":"wp","href":"https:\/\/api.w.org\/{rel}","templated":true}]}}