{"id":23,"date":"2019-01-23T11:15:22","date_gmt":"2019-01-23T11:15:22","guid":{"rendered":"http:\/\/qufaculty.qu.edu.qa\/mgaied\/?page_id=23"},"modified":"2019-01-23T11:15:22","modified_gmt":"2019-01-23T11:15:22","slug":"publications","status":"publish","type":"page","link":"http:\/\/qufaculty.qu.edu.qa\/mgaied\/publications\/","title":{"rendered":"Publications"},"content":{"rendered":"<ul>\n<li>Abid, I., Goaied, M. (2017). A Meta Frontier Assessment of Bank Efficiency in Middle East and North Africa Countries. International Journal of Productivity and Performance Management. 66 (2). Ranked B in ABDC list, Scopus Indexed.<br \/>\nSassi, S., Goaied, M. (2016). Long-Term Employment Intensity of Sectoral Output Growth: Evidence from Tunisia. International Labour Review. 155 (2), 253-263. Wiley. Ranked B in ABDC list, Scopus Indexed.<\/li>\n<li>Kratou, H. Goaied, M. (2016). How Can Globalization affect Income Distribution ? Evidence from Developing countries. The International Trade Journal. 30 (2), 132-158. Routledge. DOI: 10.1080\/08853908.2016.1139480. Ranked B in ABDC list, Scopus Indexed.<\/li>\n<li>Abid, I., Goaied, M. (2016). Benchmarking Banking Efficiency Using Meta Profit Function. Journal of Quantitative Economics. Springer. Ranked B in ABDC list, Scopus Indexed. DOI: 10.1007\/s40953-016-0043-6.<\/li>\n<li>Ben Aissa, S. Goaied, M. (2016). Determinants of Tunisian Hotel profitability: The Role of Managerial Efficiency. Tourism Management. 52, 478-487. Elsevier.<br \/>\nRanked A* in ABDC list, Scopus Indexed. DOI: 10.1016\/j.tourman.2015.07.015.<\/li>\n<li>Ben Aissa S. Goaied, M. (2016). Determinants of Tourism Hotel Market Efficiency. International Journal of Culture, Tourism and Hospitality Research, 10 (2) 173 \u2013 190. Ranked B in ABDC List. Indexed in Scopus. DOI http:\/\/dx.doi.org\/10.1108\/IJCTHR-11-2013-0080<br \/>\nGoaied, M. Sassi, S. (2015). Trade Liberalisation and Employment Intensity of Sectoral Output Growth: Lessons from Tunisia. \u2002The Economic and Labour Relations Review 26(2), 261-275. Sage. DOI: 10.1177\/1035304615579833.Sage. Ranked B in ABDC list, Scopus Indexed.<\/li>\n<li>Abid, I., Goaied, M. (2015). Consideration of Technological and Environmental Heterogeneity in Cost Efficiency analysis. International Review of Applied Economics 29 (5), 650-676. Routledge. Taylor &amp; Francis on line. DOI: 10.1007\/s40953-016-0043-6. Ranked B in ABDC list, Scopus Indexed.Ben Aissa, S. Goaied, M. (2014). Performance of Tourism Destinations, Evidence from Tunisia.\u201d Journal of Hospitality and Tourism Research. Sage. Ranked A in ABDC list, Scopus Indexed.<\/li>\n<li>Seifallah, S. Goaied, M. (2013). Financial Development, ICT Diffusion and Economic Growth: Lessons from MENA Region. Telecommunications Policy. 37, (4-5), 252-261. Elsevier. Ranked B in ABCD List, Scopus Indexed.<\/li>\n<li>El Bir, D. Goaied, M. (2012). Are External Financial Liberalization and Corruption Control substitutes in promoting Growth ? Empirical Evidence from Mena Countries. Journal of Statistical and Econometric Methods.1 (2), 53-64. ISSN: 2241-0384 (print), 2241-0376 (online). International Scientific Press, 2012.<\/li>\n<li>Goaied, M. Sassi, S. (2011). Financial Development, Islamic Banking and Economic Growth Evidence from MENA Region. International Journal of Business Science and Applied Management 4(2),105-128\u00b7 Ranked C in ABDC list.<br \/>\nBen J\u00e9lili, R. Goaied, M. (2010). \u201cEntry, Exit and Productivity in Tunisian Manufacturing Industries.\u201d in Market Dynamics and Productivity in Developing Countries: Economic Reforms in MENA.\u201d Business and Economics Springer Sciences, New York. Edited by Khalid Sekkat.<\/li>\n<li>Ben Amor, T. Goaied, M. (2010). \u201cStochastic Varying Coefficient Frontier Model in the Estimation of Technical Efficiency and Input Specific Technical Efficiency of Irrigated Agriculture in Tunisia. \u201c Agricultural Journal 5 (6), 329-337. Medwel.<\/li>\n<li>Ben J\u00e9lili, R. Goaied, M. (2009). Entry, Exit, Resource Allocation and Productivity Growth in the Tunisian Manufacturing Industries. Middle East Development Journal. 1, (2), 189-208. Francis and Taylor. Ranked C in ABDC list.<\/li>\n<li>Ben Naceur, S. Goaied, M. (2008). The Determinants of Commercial Bank Interest Margin and Profitability: Evidence from Tunisia. Frontiers in Finance and Economics.5, (1),106 \u2013 130. Ranked C in ABDC list.<\/li>\n<li>Ben Naceur, S. Goaied, M. &amp; Ben Anes Amel (2006). On the Determinants and Dynamics of Dividend Policy\u201d. International Review of Finance. 6, (1-2), 1-23. Wiley. Ranked A in ABDC list, Scopus Indexed. DOI: 10.1111\/j.1468-2443.2007.00057.x<br \/>\nBen Naceur, S. Goaied, M. (2004). The Value Relevance of Accounting and Financial Information. Panel Data Evidence. Applied Financial Economics, 14, (17), 1219-1224. Francis and Taylor. Ranked B in ABDC list, Scopus Indexed.<\/li>\n<li>Ben Ayed Mouelhi, R. Goaied, M. (2003). Efficiency Measure from Dynamic Stochastic Production Frontier: Application to Tunisian Textile, Clothing, and Leather Industries. Econometric Reviews, 22, (1), 93-111. Ranked A in ABDC list, Scopus Indexed.<br \/>\nBen Naceur, S. Goaied, M.(2002). The Relationship Between Dividend Policy, Financial Structure, Profitability and Firm Value. Applied Financial Economics, 12, (12), 843-849. Francis and Taylor. Ranked B in ABDC list, Scopus Indexed.<br \/>\nBen Naceur, S. Goaied, M. (2001). \u201cThe Determinants of the Tunisian Deposit Banks\u2019 Performance. Applied Financial Economics. 11, (3), 317-319. Francis &amp; Taylor. Ranked B in ABDC list, Scopus Indexed.<\/li>\n<li>Ben Ayed Mouelhi, R. Goaied, M.(2001). \u201cEfficience technique et incitation salariale. Analyse empirique sur un panel incomplet des industries textiles en Tunisie. \u00bb Economie et Pr\u00e9vision, 148, (2), 99-111.<\/li>\n<li>Goaied, M. Ben Ayed Mouelhi, R. (2000). Efficiency Measurement with Unbalanced Panel Data: Evidence from Tunisian Textile, Clothing and Leather Industries. Journal of Productivity Analysis, May, 13, (3), 249-262. Springer. Ranked A in ABDC list, Scopus IndexedBaccouche R., Bouaziz, R. and Goaied M (1997). \u201cCroissance potentielle et fluctuations conjoncturelles en Tunisie.\u201d Economie internationale, 69, 209-222. Revue Economie Internationale. CEPII.<\/li>\n<li>Ghazouani S. Goaied M, (1993). Analyse micro\u00e9conom\u00e9trique de la demande de transport urbain. Economie et pr\u00e9vision 108 (2), 47-62.<\/li>\n<li>Goaied M (1991). \u00ab Estimation d&#8217;un syst\u00e8me de demande des m\u00e9nages \u00e0 partir de donn\u00e9es group\u00e9es d&#8217;enqu\u00eates budg\u00e9taires en Tunisie. \u00bb \u00c9conomie &amp; pr\u00e9vision 97 (1), 11-19.<\/li>\n<\/ul>\n","protected":false},"excerpt":{"rendered":"<p>Abid, I., Goaied, M. (2017). A Meta Frontier Assessment of Bank Efficiency in Middle East and North Africa Countries. International [&hellip;]<\/p>\n","protected":false},"author":948,"featured_media":0,"parent":0,"menu_order":0,"comment_status":"closed","ping_status":"closed","template":"","meta":{"footnotes":""},"class_list":["post-23","page","type-page","status-publish","hentry"],"_links":{"self":[{"href":"http:\/\/qufaculty.qu.edu.qa\/mgaied\/wp-json\/wp\/v2\/pages\/23","targetHints":{"allow":["GET"]}}],"collection":[{"href":"http:\/\/qufaculty.qu.edu.qa\/mgaied\/wp-json\/wp\/v2\/pages"}],"about":[{"href":"http:\/\/qufaculty.qu.edu.qa\/mgaied\/wp-json\/wp\/v2\/types\/page"}],"author":[{"embeddable":true,"href":"http:\/\/qufaculty.qu.edu.qa\/mgaied\/wp-json\/wp\/v2\/users\/948"}],"replies":[{"embeddable":true,"href":"http:\/\/qufaculty.qu.edu.qa\/mgaied\/wp-json\/wp\/v2\/comments?post=23"}],"version-history":[{"count":1,"href":"http:\/\/qufaculty.qu.edu.qa\/mgaied\/wp-json\/wp\/v2\/pages\/23\/revisions"}],"predecessor-version":[{"id":24,"href":"http:\/\/qufaculty.qu.edu.qa\/mgaied\/wp-json\/wp\/v2\/pages\/23\/revisions\/24"}],"wp:attachment":[{"href":"http:\/\/qufaculty.qu.edu.qa\/mgaied\/wp-json\/wp\/v2\/media?parent=23"}],"curies":[{"name":"wp","href":"https:\/\/api.w.org\/{rel}","templated":true}]}}