{"id":25,"date":"2016-01-06T08:30:35","date_gmt":"2016-01-06T08:30:35","guid":{"rendered":"http:\/\/qufaculty.qu.edu.qa\/mamara\/?page_id=25"},"modified":"2026-02-28T13:56:10","modified_gmt":"2026-02-28T13:56:10","slug":"media","status":"publish","type":"page","link":"http:\/\/qufaculty.qu.edu.qa\/mamara\/media\/","title":{"rendered":"Media"},"content":{"rendered":"\n<div class=\"wp-block-columns is-layout-flex wp-container-core-columns-is-layout-9d6595d7 wp-block-columns-is-layout-flex\">\n<div class=\"wp-block-column is-layout-flow wp-block-column-is-layout-flow\" style=\"flex-basis:100%\">\n<div class=\"wp-block-columns are-vertically-aligned-bottom is-layout-flex wp-container-core-columns-is-layout-9d6595d7 wp-block-columns-is-layout-flex\">\n<div class=\"wp-block-column is-vertically-aligned-bottom is-layout-flow wp-block-column-is-layout-flow\" style=\"flex-basis:100%\">\n<div class=\"wp-block-group\"><div class=\"wp-block-group__inner-container is-layout-flow wp-block-group-is-layout-flow\">\n<p class=\"has-vivid-green-cyan-background-color has-background\"><span style=\"text-decoration: underline;\"><strong>TV<\/strong><\/span><\/p>\n\n\n\n<p class=\"has-pale-cyan-blue-background-color has-background\">1-Amara, Mahfoud, External assessment panel of BBC&#8217;s regional sports coverage, March 2007<\/p>\n\n\n\n<p class=\"has-pale-cyan-blue-background-color has-background\">2-Amara, M (2010) &#8216;Open Agenda&#8217;, Football and Society, TV Broadcast. BBC Arabic TV (40 minutes)<\/p>\n\n\n\n<p class=\"has-pale-cyan-blue-background-color has-background\">3-Amara, M (2012), 22 April, Interview Skynews (Live): 3 pm news (4 minutes). Sport and Politics in Middle East: F1 in Bahrain.<\/p>\n\n\n\n<p class=\"has-pale-cyan-blue-background-color has-background\">4-Amara, M (2012), 16 May, invited to Aljazeera Sport Programme (Doha, Qatar), Sport and Economy (24 minutes live on Aljazeera Sport News channel)<\/p>\n\n\n\n<p class=\"has-pale-cyan-blue-background-color has-background\">5-Amara, M. (2012) Sport and Politics, In-Depth, Aljazeera News Channel, 23 June 2014 (50 minutes)<a href=\"http:\/\/video.aljazeera.com\/channels\/eng\/videos\/%D9%81%D9%8A-%D8%A7%D9%84%D8%B9%D9%85%D9%82..-%D8%A7%D9%84%D8%A3%D9%86%D8%B8%D9%85%D8%A9-%D8%A7%D9%84%D8%A7%D8%B3%D8%AA%D8%A8%D8%AF%D8%A7%D8%AF%D9%8A%D8%A9-%D8%AA%D8%B3%D8%AA%D8%AB%D9%85%D8%B1-%D9%83%D8%B1%D8%A9-%D8%A7%D9%84%D9%82%D8%AF%D9%85-%D8%B3%D9%8A%D8%A7%D8%B3%D9%8A%D8%A7\/3639327866001\"> (Link to Video Here)<\/a><\/p>\n\n\n\n<p class=\"has-pale-cyan-blue-background-color has-background\">6<a href=\"http:\/\/www.bbc.com\/arabic\/tv-and-radio-44568767\">-(Link to Full Program)<\/a>&nbsp;(21 June 2018) BBC Extra&nbsp;\u0643\u0623\u0633 \u0627\u0644\u0639\u0627\u0644\u0645 \u0645\u0627 \u0628\u064a\u0646 \u0627\u0644\u0633\u064a\u0627\u0633\u0629 \u0648\u0627\u0644\u062a\u062c\u0627\u0631\u0629<\/p>\n\n\n\n<p class=\"has-pale-cyan-blue-background-color has-background\">6-Can sport heal divisions in the Middle East? | Inside Story&nbsp;, Aljazeera English &nbsp;(3 February 2019). <a href=\"https:\/\/www.youtube.com\/watch?v=YlbZNGs_OTQ&amp;vl=en\">(Link to full program here)<\/a><\/p>\n\n\n\n<p class=\"has-vivid-green-cyan-background-color has-background\"><span style=\"text-decoration: underline;\"><strong>Radio<\/strong><\/span><\/p>\n\n\n\n<p class=\"has-pale-cyan-blue-background-color has-background\">1- Amara, M (2008) Sport Development in the Kurdistan region of Iraq, Radio Interview (Radio France International).<\/p>\n\n\n\n<p class=\"has-pale-cyan-blue-background-color has-background\">2- Amara, M (2008) Muslim women and the Olympics, Radio Interview. (BBC World Service)<\/p>\n\n\n\n<p class=\"has-pale-cyan-blue-background-color has-background\">3- Amara, M (2005) The 2005 Pan-Arab Games, Radio Interview. BBC World Service<\/p>\n\n\n\n<p class=\"has-vivid-green-cyan-background-color has-background\"><strong><span style=\"text-decoration: underline;\">International Press<\/span><\/strong><\/p>\n\n\n\n<p class=\"has-pale-cyan-blue-background-color has-background\">&#8212; La Vanguardia (Barcelona) El Mundial de Qatar 2022 se enfrenta a nuevas amenazas, Andy Robinson, 19\/01\/2018 <a href=\"http:\/\/www.lavanguardia.com\/deportes\/20180119\/44109645499\/amenazas-retos-mundial-qatar-2022.html\">http:\/\/www.lavanguardia.com\/deportes\/20180119\/44109645499\/amenazas-retos-mundial-qatar-2022.html<\/a><\/p>\n\n\n\n<p class=\"has-pale-cyan-blue-background-color has-background\">&#8212; Le Monde (France) , <a href=\"http:\/\/www.lemonde.fr\/sport-et-societe\/article\/2018\/01\/07\/en-arabie-saoudite-le-sport-se-fait-pionnier-de-la-condition-feminine_5238447_1616888.html#JH3xtcM0PfIO3v56.99\">En Arabie saoudite, les femmes gagnent du terrain par le sport<\/a>, Anthony Hernandez, 07.01.2018<\/p>\n\n\n\n<p class=\"has-pale-cyan-blue-background-color has-background\">&#8212;- Volkstrant (Netherlands) <a href=\"https:\/\/www.volkskrant.nl\/buitenland\/vrouwen-in-saoedi-arabie-mogen-voor-het-eerst-voetbalwedstrijd-bijwonen-maar-wel-in-speciale-vakken~a4556613\/\">\u201c Vrouwen in Saoedi-Arabi\u00eb mogen voor het eerst voetbalwedstrijd bijwonen, maar wel in speciale vakken\u201d<\/a> , Rob Vreeken 12 januari 2018.<\/p>\n\n\n\n<p class=\"has-pale-cyan-blue-background-color has-background\">&#8212;Featured in La Nacion (Costa Rica) <a href=\"http:\/\/www.nacion.com\/opinion\/foros\/sector-turismo-es-hipocrita-con-el-deporte\/I6J4VKDLWJDOFAQNVCHXI53K4E\/story\/\">Sector turismo es hip\u00f3crita con el deporte<\/a>, 1 April 2017<\/p>\n\n\n\n<p class=\"has-pale-cyan-blue-background-color has-background\">&#8212;Featured in O Globo (Brasil) <a href=\"https:\/\/oglobo.globo.com\/esportes\/blindado-na-bola-exposto-na-politica-egito-busca-retomar-protagonismo-na-copa-africana-20850505#ixzz52G3OILMz\">Blindado na bola, exposto na pol\u00edtica: Egito busca retomar protagonismo na Copa Africana<\/a>, 2017 &#8211; JUSTIN TALLIS \/ AFP<\/p>\n\n\n\n<p class=\"has-pale-cyan-blue-background-color has-background\">&#8212;Featured in <a href=\"http:\/\/www.google.com\/url?sa=t&amp;rct=j&amp;q=&amp;esrc=s&amp;source=web&amp;cd=2&amp;cad=rja&amp;uact=8&amp;ved=0ahUKEwi1zuL-morNAhXCHxoKHccDAtYQFgglMAE&amp;url=http%3A%2F%2Fwww.la-croix.com%2FSport%2FLe-Qatar-joue-aussi-la-carte-du-sport-feminin-2016-02-02-1200737042&amp;usg=AFQjCNHd4QkgmtEUNqZWXBCq-C5Yp2sK2w&amp;bvm=bv.123325700,bs.1,d.d24\"><span style=\"color: #1a0dab;\">Le Qatar joue aussi la carte du sport f\u00e9minin &#8211; La Croix<\/span><\/a>, Feb 2, 2016 by Jean-Fran\u00e7ois FOURNEL (France)&nbsp;Featured in <a href=\"http:\/\/www.google.com\/url?sa=t&amp;rct=j&amp;q=&amp;esrc=s&amp;source=web&amp;cd=1&amp;cad=rja&amp;uact=8&amp;ved=0ahUKEwiVpOq4m4rNAhWHOBoKHX8XAg0QFggcMAA&amp;url=http%3A%2F%2Fwww.liberation.fr%2Fsports%2F2015%2F11%2F26%2Fle-golfe-controle_1416440&amp;usg=AFQjCNEhzXfjVJ_beajXMvST84Mv8FPI9g\"><span style=\"color: #1a0dab;\">Le Golfe contr\u00f4le &#8211; Lib\u00e9ration,<\/span><\/a> <span class=\"st\"><span class=\"f\"><span style=\"color: #666666;\">Nov 26, 2015<\/span><\/span><\/span>,&nbsp;by <span class=\"author\"><a href=\"http:\/\/www.liberation.fr\/auteur\/9434-thierry-thirault\">Thierry Thirault<\/a> (France).<\/span><\/p>\n\n\n\n<p class=\"has-pale-cyan-blue-background-color has-background\">&#8211; Interview: <a href=\"http:\/\/www.dohastadiumplusqatar.com\/hit-the-ground-running\/\"><span style=\"color: #1a0dab;\">Hit the ground running! | Doha Stadium Plus<\/span><\/a>, March 16 (Qatar)<\/p>\n\n\n\n<p class=\"has-pale-cyan-blue-background-color has-background\">-Amara, M . (2014) Le d\u00e9bat sur le voile dans le sport rebondit aux Jeux asiatiques, Interview, Le Monde 25 September, (France), 2014&nbsp;<a href=\"http:\/\/www.lemonde.fr\/sport\/article\/2014\/09\/25\/basket-feminin-levoile-pose-la-question-de-l-universalite-du-sport_4494183_3242.html\"><strong>( link to full text)<\/strong>&nbsp;<\/a><\/p>\n\n\n\n<p class=\"has-pale-cyan-blue-background-color has-background\"><strong>\u0627\u0644\u0641\u064a\u0641\u0627 \u0648\u0634\u0628\u06be\u0627\u062a \u0627\u0644\u0641\u0633\u0627\u062f.. \u0645\u0633\u062a\u062c\u062f\u0627\u062a \u0644\u0644\u0623\u062e\u0630 \u0628\u0639\u064a\u0646 \u0627\u0644\u0627\u0639\u062a\u0628\u0627\u0631 <\/strong>Aljazeera news webpage (16 November 2014) <a href=\"http:\/\/aljazeera.net\/knowledgegate\/opinions\/2014\/11\/%20\u0627\u0644\u0641\u064a\u0641\u0627- \u0648\u0634\u0628\u06be\u0627\u062a-\u0627\u0644\u0641\u0633\u0627\u062f- \u0645\u0633\u062a\u062c\u062f\u0627\u062a- \u0644\u0644\u0623\u062e\u0630-\u0628\u0639\u064a\u0646-\u0627\u0644\u0627\u0639\u062a\u0628\u0627\u0631\/ 16\"><strong>(Link to full text)<\/strong>&nbsp;&nbsp;<\/a><\/p>\n\n\n\n<p class=\"has-pale-cyan-blue-background-color has-background\">&#8211; Amara, M (2014) Les piliers de la strat\u00e9gie internationale sportive du Qatar. Quotidien d\u2019Oran (19-1- 2014), <strong><a href=\"http:\/\/www.lequotidien-oran.com\/index.php?news=5192932&amp;archive_date=2014-01-19\">(link to full text)<\/a> <\/strong>(Algeria)<\/p>\n\n\n\n<p class=\"has-pale-cyan-blue-background-color has-background\">&#8211; Amara, M. (2013) The Pillars of Qatar\u2019s International Sport Strategy, Nov 29 2013, E-International Relations, <a href=\"http:\/\/www.e-ir.info\/2013\/11\/29\/the-pillars-of-qatars-international-sport-strategy\/\">http:\/\/www.e-ir.info\/2013\/11\/29\/the-pillars-of-qatars-international-sport-strategy\/<\/a>&nbsp;(the US)<\/p>\n\n\n\n<p class=\"has-pale-cyan-blue-background-color has-background\">&#8211; Featured, Algeria Between \u201cla Boulitique\u201d and la Politique: A Tale of Two Youths, by Muriam Haleh Davis, Jaddaliya magazine, <a href=\"http:\/\/www.jadaliyya.com\/pages\/index\/11545\/algeria-between-%E2%80%9Cla-boulitique%E2%80%9D-and-la-politique_a\"><strong>(Link to full text)<\/strong> <\/a>. (The UK)<\/p>\n\n\n\n<p class=\"has-pale-cyan-blue-background-color has-background\">&#8211; Amara, M (2014) foot et affaires souterraines, Le d\u00e9bats (Algeria), 5 February. <strong><a href=\"http:\/\/www.lesdebats.com\/editions\/050214\/pdf.pdf\">(Link to full text)<\/a><\/strong><\/p>\n\n\n\n<p class=\"has-pale-cyan-blue-background-color has-background\">&#8211; Featured in Moritz Behrendt, (2012) Interview in Zenith Magazine: Zeitschrift fur den Orient. Dossier:Macht und fussball (business and politics of sport in the middle east),&nbsp; http:\/\/www.zenithonline.de\/ (Germany)<\/p>\n\n\n\n<p class=\"has-pale-cyan-blue-background-color has-background\">-Amara, M (2012) Des Jeux olympiques et de l&#8217;olympisme, Quotidien D&#8217;Oran Newspaper (Algeria), 26 January. <strong><a href=\"http:\/\/www.lequotidien-oran.com\/index.php?news=5163473&amp;archive_date=2012-01- 26\">(Link to full text)<\/a><\/strong><\/p>\n\n\n\n<p class=\"has-pale-cyan-blue-background-color has-background\">&#8211; Amara, M (2011) Interview Dutch newspaper DE VOLKSKRANT: &#8220;Het voetbalstadion in Afrika is ookde arena van haat,onvrede en politieke reuring. \u2018Sport is het vergrootglasop de wereld&#8221;, by Willem Vissers. (the Netherlands)<\/p>\n\n\n\n<p class=\"has-pale-cyan-blue-background-color has-background\">&#8211; Amara, M (2009) Le sport entre Modernit\u00e9 et Authenticit\u00e9 dans la P\u00e9ninsule Arabe. Quotidien d\u2019Oran newspaper, Algeria. 31 Mars. <strong><a href=\"http:\/\/www.lequotidien-oran.com\/?archive_date=2009-03- 31&amp;news=5118416\">(Link to full text) <\/a><\/strong><\/p>\n\n\n\n<p class=\"has-pale-cyan-blue-background-color has-background\">&#8211; Amara, M (2008) Vers une professionnalisation du football en Alg\u00e9rie? part 1. Quotidien d\u2019Oran&nbsp; newspaper,&nbsp;Algeria.&nbsp;&nbsp;&nbsp;<strong><a href=\"http:\/\/www.booksport.ma\/insertions\/uploads\/2012\/11\/Professionalisation- du-foot-en-algerie-1.pdf\"> (Link to full text)<\/a><\/strong><\/p>\n\n\n\n<p class=\"has-pale-cyan-blue-background-color has-background\">&#8211; Amara, M (2008) Vers une professionnalisation du football en Alg\u00e9rie? part 2. Quotidien d\u2019Oran newspaper, Algeria.<\/p>\n<\/div><\/div>\n<\/div>\n<\/div>\n<\/div>\n<\/div>\n\n\n\n<figure class=\"wp-block-gallery aligncenter columns-3 is-cropped wp-block-gallery-1 is-layout-flex wp-block-gallery-is-layout-flex\"><ul class=\"blocks-gallery-grid\"><li class=\"blocks-gallery-item\"><figure><a href=\"http:\/\/qufaculty.qu.edu.qa\/mamara\/wp-content\/uploads\/sites\/159\/2019\/05\/download-e1557643697171.png\"><img loading=\"lazy\" decoding=\"async\" width=\"400\" height=\"362\" src=\"http:\/\/qufaculty.qu.edu.qa\/mamara\/wp-content\/uploads\/sites\/159\/2019\/05\/download-e1557643697171.png\" alt=\"\" data-id=\"358\" data-link=\"http:\/\/qufaculty.qu.edu.qa\/mamara\/media\/download-2\/\" class=\"wp-image-358\" srcset=\"http:\/\/qufaculty.qu.edu.qa\/mamara\/wp-content\/uploads\/sites\/159\/2019\/05\/download-e1557643697171.png 400w, http:\/\/qufaculty.qu.edu.qa\/mamara\/wp-content\/uploads\/sites\/159\/2019\/05\/download-e1557643697171-300x272.png 300w\" sizes=\"auto, (max-width: 400px) 100vw, 400px\" \/><\/a><\/figure><\/li><li class=\"blocks-gallery-item\"><figure><a href=\"http:\/\/qufaculty.qu.edu.qa\/mamara\/wp-content\/uploads\/sites\/159\/2016\/01\/36543_10150819937031898_1221929812_n.jpg\"><img loading=\"lazy\" decoding=\"async\" width=\"960\" height=\"720\" src=\"http:\/\/qufaculty.qu.edu.qa\/mamara\/wp-content\/uploads\/sites\/159\/2016\/01\/36543_10150819937031898_1221929812_n.jpg\" alt=\"\" data-id=\"152\" data-link=\"http:\/\/qufaculty.qu.edu.qa\/mamara\/media\/36543_10150819937031898_1221929812_n\/\" class=\"wp-image-152\" srcset=\"http:\/\/qufaculty.qu.edu.qa\/mamara\/wp-content\/uploads\/sites\/159\/2016\/01\/36543_10150819937031898_1221929812_n.jpg 960w, http:\/\/qufaculty.qu.edu.qa\/mamara\/wp-content\/uploads\/sites\/159\/2016\/01\/36543_10150819937031898_1221929812_n-300x225.jpg 300w, http:\/\/qufaculty.qu.edu.qa\/mamara\/wp-content\/uploads\/sites\/159\/2016\/01\/36543_10150819937031898_1221929812_n-768x576.jpg 768w\" sizes=\"auto, (max-width: 960px) 100vw, 960px\" \/><\/a><\/figure><\/li><li class=\"blocks-gallery-item\"><figure><a href=\"http:\/\/qufaculty.qu.edu.qa\/mamara\/wp-content\/uploads\/sites\/159\/2015\/12\/Mahfoud-Amara.jpg\"><img loading=\"lazy\" decoding=\"async\" width=\"367\" height=\"367\" src=\"http:\/\/qufaculty.qu.edu.qa\/mamara\/wp-content\/uploads\/sites\/159\/2015\/12\/Mahfoud-Amara.jpg\" alt=\"\" data-id=\"6\" data-link=\"http:\/\/qufaculty.qu.edu.qa\/mamara\/sample-page\/mahfoud-amara\/\" class=\"wp-image-6\" srcset=\"http:\/\/qufaculty.qu.edu.qa\/mamara\/wp-content\/uploads\/sites\/159\/2015\/12\/Mahfoud-Amara.jpg 367w, http:\/\/qufaculty.qu.edu.qa\/mamara\/wp-content\/uploads\/sites\/159\/2015\/12\/Mahfoud-Amara-150x150.jpg 150w, http:\/\/qufaculty.qu.edu.qa\/mamara\/wp-content\/uploads\/sites\/159\/2015\/12\/Mahfoud-Amara-300x300.jpg 300w, http:\/\/qufaculty.qu.edu.qa\/mamara\/wp-content\/uploads\/sites\/159\/2015\/12\/Mahfoud-Amara-80x80.jpg 80w\" sizes=\"auto, (max-width: 367px) 100vw, 367px\" \/><\/a><\/figure><\/li><li class=\"blocks-gallery-item\"><figure><a href=\"http:\/\/qufaculty.qu.edu.qa\/mamara\/wp-content\/uploads\/sites\/159\/2020\/09\/press-1.jpg\"><img loading=\"lazy\" decoding=\"async\" width=\"975\" height=\"969\" src=\"http:\/\/qufaculty.qu.edu.qa\/mamara\/wp-content\/uploads\/sites\/159\/2020\/09\/press-1.jpg\" alt=\"\" data-id=\"383\" data-link=\"http:\/\/qufaculty.qu.edu.qa\/mamara\/sample-page\/press-1\/\" class=\"wp-image-383\" srcset=\"http:\/\/qufaculty.qu.edu.qa\/mamara\/wp-content\/uploads\/sites\/159\/2020\/09\/press-1.jpg 975w, http:\/\/qufaculty.qu.edu.qa\/mamara\/wp-content\/uploads\/sites\/159\/2020\/09\/press-1-150x150.jpg 150w, http:\/\/qufaculty.qu.edu.qa\/mamara\/wp-content\/uploads\/sites\/159\/2020\/09\/press-1-300x298.jpg 300w, http:\/\/qufaculty.qu.edu.qa\/mamara\/wp-content\/uploads\/sites\/159\/2020\/09\/press-1-768x763.jpg 768w, http:\/\/qufaculty.qu.edu.qa\/mamara\/wp-content\/uploads\/sites\/159\/2020\/09\/press-1-80x80.jpg 80w\" sizes=\"auto, (max-width: 975px) 100vw, 975px\" \/><\/a><\/figure><\/li><li class=\"blocks-gallery-item\"><figure><a href=\"http:\/\/qufaculty.qu.edu.qa\/mamara\/wp-content\/uploads\/sites\/159\/2021\/05\/ais-7-fb-1-1024x576-1.jpg\"><img loading=\"lazy\" decoding=\"async\" width=\"1024\" height=\"576\" src=\"http:\/\/qufaculty.qu.edu.qa\/mamara\/wp-content\/uploads\/sites\/159\/2021\/05\/ais-7-fb-1-1024x576-1.jpg\" alt=\"\" data-id=\"462\" data-link=\"http:\/\/qufaculty.qu.edu.qa\/mamara\/media\/ais-7-fb-1-1024x576-1\/\" class=\"wp-image-462\" srcset=\"http:\/\/qufaculty.qu.edu.qa\/mamara\/wp-content\/uploads\/sites\/159\/2021\/05\/ais-7-fb-1-1024x576-1.jpg 1024w, http:\/\/qufaculty.qu.edu.qa\/mamara\/wp-content\/uploads\/sites\/159\/2021\/05\/ais-7-fb-1-1024x576-1-300x169.jpg 300w, http:\/\/qufaculty.qu.edu.qa\/mamara\/wp-content\/uploads\/sites\/159\/2021\/05\/ais-7-fb-1-1024x576-1-768x432.jpg 768w\" sizes=\"auto, (max-width: 1024px) 100vw, 1024px\" \/><\/a><\/figure><\/li><li class=\"blocks-gallery-item\"><figure><a href=\"http:\/\/qufaculty.qu.edu.qa\/mamara\/wp-content\/uploads\/sites\/159\/2021\/05\/Untitled-1024x463.png\"><img loading=\"lazy\" decoding=\"async\" width=\"1024\" height=\"463\" src=\"http:\/\/qufaculty.qu.edu.qa\/mamara\/wp-content\/uploads\/sites\/159\/2021\/05\/Untitled-1024x463.png\" alt=\"\" data-id=\"464\" data-link=\"http:\/\/qufaculty.qu.edu.qa\/mamara\/media\/untitled-3\/\" class=\"wp-image-464\" srcset=\"http:\/\/qufaculty.qu.edu.qa\/mamara\/wp-content\/uploads\/sites\/159\/2021\/05\/Untitled-1024x463.png 1024w, http:\/\/qufaculty.qu.edu.qa\/mamara\/wp-content\/uploads\/sites\/159\/2021\/05\/Untitled-300x136.png 300w, http:\/\/qufaculty.qu.edu.qa\/mamara\/wp-content\/uploads\/sites\/159\/2021\/05\/Untitled-768x347.png 768w, http:\/\/qufaculty.qu.edu.qa\/mamara\/wp-content\/uploads\/sites\/159\/2021\/05\/Untitled-1536x694.png 1536w, http:\/\/qufaculty.qu.edu.qa\/mamara\/wp-content\/uploads\/sites\/159\/2021\/05\/Untitled.png 1900w\" sizes=\"auto, (max-width: 1024px) 100vw, 1024px\" \/><\/a><\/figure><\/li><\/ul><\/figure>\n\n\n\n<figure class=\"wp-block-embed is-type-video is-provider-youtube wp-block-embed-youtube wp-embed-aspect-16-9 wp-has-aspect-ratio\"><div class=\"wp-block-embed__wrapper\">\n<iframe loading=\"lazy\" title=\"Can sport heal divisions in the Middle East? | Inside Story\" width=\"900\" height=\"506\" src=\"https:\/\/www.youtube.com\/embed\/YlbZNGs_OTQ?feature=oembed\" frameborder=\"0\" allow=\"accelerometer; autoplay; clipboard-write; encrypted-media; gyroscope; picture-in-picture\" allowfullscreen><\/iframe>\n<\/div><\/figure>\n","protected":false},"excerpt":{"rendered":"<p>TV 1-Amara, Mahfoud, External assessment panel of BBC&#8217;s regional sports coverage, March 2007 2-Amara, M (2010) &#8216;Open Agenda&#8217;, Football and [&hellip;]<\/p>\n","protected":false},"author":150,"featured_media":0,"parent":0,"menu_order":4,"comment_status":"closed","ping_status":"closed","template":"","meta":{"footnotes":""},"class_list":["post-25","page","type-page","status-publish","hentry"],"_links":{"self":[{"href":"http:\/\/qufaculty.qu.edu.qa\/mamara\/wp-json\/wp\/v2\/pages\/25","targetHints":{"allow":["GET"]}}],"collection":[{"href":"http:\/\/qufaculty.qu.edu.qa\/mamara\/wp-json\/wp\/v2\/pages"}],"about":[{"href":"http:\/\/qufaculty.qu.edu.qa\/mamara\/wp-json\/wp\/v2\/types\/page"}],"author":[{"embeddable":true,"href":"http:\/\/qufaculty.qu.edu.qa\/mamara\/wp-json\/wp\/v2\/users\/150"}],"replies":[{"embeddable":true,"href":"http:\/\/qufaculty.qu.edu.qa\/mamara\/wp-json\/wp\/v2\/comments?post=25"}],"version-history":[{"count":25,"href":"http:\/\/qufaculty.qu.edu.qa\/mamara\/wp-json\/wp\/v2\/pages\/25\/revisions"}],"predecessor-version":[{"id":548,"href":"http:\/\/qufaculty.qu.edu.qa\/mamara\/wp-json\/wp\/v2\/pages\/25\/revisions\/548"}],"wp:attachment":[{"href":"http:\/\/qufaculty.qu.edu.qa\/mamara\/wp-json\/wp\/v2\/media?parent=25"}],"curies":[{"name":"wp","href":"https:\/\/api.w.org\/{rel}","templated":true}]}}