{"id":9,"date":"2021-11-29T12:30:50","date_gmt":"2021-11-29T12:30:50","guid":{"rendered":"http:\/\/qufaculty.qu.edu.qa\/malmazawdah\/?page_id=9"},"modified":"2022-09-22T17:38:12","modified_gmt":"2022-09-22T17:38:12","slug":"publications","status":"publish","type":"page","link":"http:\/\/qufaculty.qu.edu.qa\/malmazawdah\/publications\/","title":{"rendered":"Publications"},"content":{"rendered":"\n<ul><li><strong>\u0627\u0644\u0623\u0628\u062d\u0627\u062b \u0627\u0644\u0645\u0646\u0634\u0648\u0631\u0629: <\/strong><\/li><li>Al Mazawdah, Mohammad Ali ,Civantos,Jose Maria &#8220;Notas sobre la tierra y el r\u00e9gimen de cultivo durante la formaci\u00f3n de Al-Andalus&#8221; revista del Instituto Egipcio de Estudios Isl\u00e1micos, Madrid, Espa\u00f1a, vol. 42, 2014.<\/li><li>\u0627\u0644\u0645\u0632\u0627\u0648\u062f\u0629, \u0645\u062d\u0645\u062f \u0639\u0644\u064a \u0648 \u062d\u062c\u0627\u0632\u064a, \u0641\u0627\u064a\u0632\u0629,&#8221; \u0627\u0644\u0645\u0630\u0647\u0628 \u0627\u0644\u0627\u0648\u0632\u0627\u0639\u064a \u0641\u064a \u0627\u0644\u0623\u0646\u062f\u0644\u0633 ( 138-206 \u0647\u0640 \/ 756-821 \u0645 ) &#8221; \u0645\u062c\u0644\u0629 \u062f\u0631\u0627\u0633\u0627\u062a \u2013 \u0627\u0644\u062c\u0627\u0645\u0639\u0629 \u0627\u0644\u0623\u0631\u062f\u0646\u064a\u0629, \u0627\u0644\u0639\u062f\u062f 44 ( 4),\u00a0 2017.<\/li><li>\u0627\u0644\u0645\u0632\u0627\u0648\u062f\u0629, \u0645\u062d\u0645\u062f \u0639\u0644\u064a, &#8221; \u0627\u0644\u0647\u062f\u0646\u0629 \u0627\u0644\u0645\u0648\u0642\u0639\u0629 \u0628\u064a\u0646 \u0627\u0644\u0633\u0644\u0637\u0627\u0646 \u0627\u0644\u0627\u0634\u0631\u0641 \u0648\u0627\u0644\u0645\u0644\u0643 \u062e\u0627\u064a\u0645\u064a \u0627\u0644\u062b\u0627\u0646\u064a \u0641\u064a \u0639\u0627\u0645 692 \u0647\u0640 \/ 1292 \u0645 &#8221;\u00a0\u00a0\u00a0\u00a0\u00a0 &#8221; \u062f\u0631\u0627\u0633\u0629 \u062a\u062d\u0644\u064a\u0644\u064a\u0629&#8221; , \u0645\u062c\u0644\u0629 \u0627\u062a\u062d\u0627\u062f \u0627\u0644\u062c\u0627\u0645\u0639\u0627\u062a \u0627\u0644\u0639\u0631\u0628\u064a\u0629 \u0644\u0644\u0622\u062f\u0627\u0628, \u062c\u0627\u0645\u0639\u0629 \u0627\u0644\u064a\u0631\u0645\u0648\u0643, \u0627\u0644\u0639\u062f\u062f 13 ( 2), 2016.<\/li><li>4-\u00a0 \u00a0\u0627\u0644\u0645\u0632\u0627\u0648\u062f\u0629, \u0645\u062d\u0645\u062f \u0639\u0644\u064a, &#8221; \u0627\u0644\u0635\u0631\u0627\u0639 \u0639\u0644\u0649 \u0645\u0645\u0644\u0643\u0629 \u00a0\u0645\u0631\u0633\u064a\u0629 \u0648\u0623\u062b\u0631\u0647 \u0639\u0644\u0649 \u0627\u0644\u0639\u0644\u0627\u0642\u0627\u062a \u0628\u064a\u0646 \u0645\u0645\u0644\u0643\u062a\u064a \u0623\u0631\u0627\u063a\u0648\u0646 \u0648 \u0642\u0634\u062a\u0627\u0644\u0629 \u0641\u064a \u0639\u0647\u062f \u0627\u0644\u0645\u0644\u0643 \u062e\u0627\u064a\u0645\u064a \u0627\u0644\u062b\u0627\u0646\u064a 694 \u2013 704 \u0647\u0640 \/ 1295 \u2013 1305&#8243;, \u0645\u062c\u0644\u0629 \u0627\u062a\u062d\u0627\u062f \u0627\u0644\u062c\u0627\u0645\u0639\u0627\u062a \u0627\u0644\u0639\u0631\u0628\u064a\u0629 \u0644\u0644\u0622\u062f\u0627\u0628, \u062c\u0627\u0645\u0639\u0629 \u0627\u0644\u064a\u0631\u0645\u0648\u0643, \u0627\u0644\u0639\u062f\u062f 15 (2), 2018.<\/li><li>\u0627\u0644\u0645\u0632\u0627\u0648\u062f\u0629, \u0645\u062d\u0645\u062f \u0639\u0644\u064a, &#8221; \u062b\u0648\u0631\u0627\u062a \u0645\u062d\u0645\u062f \u0628\u0646 \u0647\u0630\u064a\u0644 \u0627\u0644\u0623\u0632\u0631\u0642 \u0641\u064a \u0645\u0645\u0643\u0644\u0629 \u0628\u0644\u0646\u0633\u064a\u0629 641 \u2013 675 \u0647\u0640 \/ 1244 \u2013 1277\u0645 &#8220;, \u0645\u062c\u0644\u0629 \u0645\u0624\u062a\u0629 \u0644\u0644\u0628\u062d\u0648\u062b \u0648\u0627\u0644\u062f\u0631\u0627\u0633\u0627\u062a, \u062c\u0627\u0645\u0639\u0629 \u0645\u0624\u062a\u0629, \u0645 34, \u0639\u062f\u062f 1, \u00a02109.<\/li><li>\u0628\u0646\u064a \u0639\u064a\u0633\u0649, \u0639\u0628\u062f \u0627\u0644\u0645\u0639\u0632 \u0648 \u0627\u0644\u0645\u0632\u0627\u0648\u062f\u0629, \u0645\u062d\u0645\u062f \u0639\u0644\u064a, \u0648\u0627\u0644\u062e\u0637\u064a\u0628, \u062c\u0628\u0631 &#8221; \u0627\u0644\u0639\u0627\u062f\u0627\u062a \u0627\u0644\u062f\u064a\u0646\u064a\u0629 \u0648 \u0627\u0644\u0627\u062c\u062a\u0645\u0627\u0639\u064a\u0629 \u0639\u0646\u062f \u0627\u0644\u0645\u0633\u0644\u0645\u064a\u0646 \u0648\u0627\u0644\u0646\u0635\u0627\u0631\u0649 \u0641\u064a \u0628\u0644\u0627\u062f \u0627\u0644\u0634\u0627\u0645 \u0641\u064a \u0627\u0644\u0639\u0635\u0631\u064a\u0646 \u0627\u0644\u0623\u064a\u0648\u0628\u064a \u0648\u0627\u0644\u0645\u0645\u0644\u0648\u0643\u064a \u0645\u0646 \u062e\u0644\u0627\u0644 \u0643\u062a\u0628 \u0627\u0644\u0631\u062d\u0627\u0644\u0629 \u0648\u0627\u0644\u062c\u063a\u0631\u0627\u0641\u064a\u064a\u0646 \u0627\u0644\u0639\u0631\u0628 \u0648\u0627\u0644\u0645\u0633\u0644\u0645\u064a\u0646 (570-923\u0647\u0640\/1174-1516\u0645), \u0645\u062c\u0644\u0629 \u0643\u0644\u064a\u0629 \u0627\u0644\u0622\u062f\u0627\u0628, \u062c\u0627\u0645\u0639\u0629 \u0627\u0644\u0642\u0627\u0647\u0631\u0629, \u0645 79 , \u0639\u062f\u062f 1 , 2019.<\/li><li>\u0627\u0644\u0645\u0632\u0627\u0648\u062f\u0629, \u0645\u062d\u0645\u062f \u0639\u0644\u064a \u0648 \u0647\u064a\u0627\u062c\u0646\u0629, \u0631\u0627\u0626\u062f,\u00a0 &#8221; \u0623\u0648\u0636\u0627\u0639 \u0627\u0644\u0645\u062f\u062c\u0646\u064a\u0646 \u0641\u064a \u0645\u0645\u0644\u0643\u0629 \u0642\u0634\u062a\u0627\u0644\u0629 \u0645\u0646 \u062e\u0644\u0627\u0644 \u0645\u0631\u0633\u0648\u0645 \u0627\u0644\u0645\u0644\u0643 \u062e\u0648\u0627\u0646 \u0627\u0644\u062b\u0627\u0646\u064a \u0639\u0627\u0645 \u00a0814\u0647\u0640 \/ 1412\u0645&#8221;, \u0645\u062c\u0644\u0629 \u0627\u062a\u062d\u0627\u062f \u0627\u0644\u062c\u0627\u0645\u0639\u0627\u062a \u0627\u0644\u0639\u0631\u0628\u064a\u0629 \u0644\u0644\u0622\u062f\u0627\u0628, \u062c\u0627\u0645\u0639\u0629 \u0627\u0644\u064a\u0631\u0645\u0648\u0643, \u0645 17 , \u0639\u062f\u062f1, \u00a02020.<\/li><li>THE TREATY OF 723 AH \/ 1323 AD BETWEEN THE HAFSID DYNASTY, BEJAIA, AND ARAGON, JORDAN JOURNAL FOR HISTORY AND ARCHAEOLOGY<em>,<\/em> Volume 16, No.2, 2022. (Scopus)<\/li><\/ul>\n\n\n\n<ul><li><strong>\u0627\u0644\u0643\u062a\u0628: <\/strong><strong><\/strong><\/li><li>\u0643\u062a\u0627\u0628 \u0627\u0644\u0645\u0642\u062a\u0628\u0633 ( \u0631\u062c\u0627\u0644\u0627\u062a \u0645\u0646 \u0627\u0647\u0644 \u0627\u0644\u0623\u0646\u062f\u0644\u0633), \u062a\u0631\u062c\u0645\u0629 \u063a\u0648\u0633\u062a\u0627\u0641\u0648 \u062a\u0648\u0631\u064a\u0646\u062b\u0648 \u0648 \u0627\u0632\u0648\u064a\u0646\u0643\u0627 \u062f\u064a \u0631\u064a\u0648 \u063a\u0646\u062b\u0627\u0644\u0648, \u0645\u0631\u0627\u062c\u0639\u0629 \u0645\u062d\u0645\u062f \u0627\u0644\u0645\u0632\u0627\u0648\u062f\u0629, \u062a\u062d\u0642\u064a\u0642 \u0628\u0627\u0633\u0645 \u0635\u0627\u0644\u062d \u0645\u062d\u0645\u062f \u062f\u0648\u0627\u0648\u062f,&nbsp; \u0627\u0644\u0645\u0639\u0647\u062f \u0627\u0644\u0645\u0635\u0631\u064a \u0644\u0644\u062f\u0631\u0627\u0633\u0627\u062a \u0627\u0644\u0625\u0633\u0644\u0627\u0645\u064a\u0629, \u0645\u062f\u0631\u064a\u062f, 2017.<\/li><\/ul>\n\n\n\n<p>Al-Muqtabis III, traducci\u00f3n del texto Gustavo Turienzo Veiga&nbsp; y Azuenca del Rio Gonz\u00e1lez, Revisi\u00f3n general Mohammad Ali Al Mazawdah, Presentacion y edici\u00f3n Basem Saleh Mohamed Daoud ,publicaciones del Instituto Egipcio de estudios Isl\u00e1micos en Madrid, Madrid, 2017.<\/p>\n","protected":false},"excerpt":{"rendered":"<p>\u0627\u0644\u0623\u0628\u062d\u0627\u062b \u0627\u0644\u0645\u0646\u0634\u0648\u0631\u0629: Al Mazawdah, Mohammad Ali ,Civantos,Jose Maria &#8220;Notas sobre la tierra y el r\u00e9gimen de cultivo durante la formaci\u00f3n [&hellip;]<\/p>\n","protected":false},"author":1140,"featured_media":0,"parent":0,"menu_order":0,"comment_status":"closed","ping_status":"closed","template":"","meta":[],"_links":{"self":[{"href":"http:\/\/qufaculty.qu.edu.qa\/malmazawdah\/wp-json\/wp\/v2\/pages\/9"}],"collection":[{"href":"http:\/\/qufaculty.qu.edu.qa\/malmazawdah\/wp-json\/wp\/v2\/pages"}],"about":[{"href":"http:\/\/qufaculty.qu.edu.qa\/malmazawdah\/wp-json\/wp\/v2\/types\/page"}],"author":[{"embeddable":true,"href":"http:\/\/qufaculty.qu.edu.qa\/malmazawdah\/wp-json\/wp\/v2\/users\/1140"}],"replies":[{"embeddable":true,"href":"http:\/\/qufaculty.qu.edu.qa\/malmazawdah\/wp-json\/wp\/v2\/comments?post=9"}],"version-history":[{"count":3,"href":"http:\/\/qufaculty.qu.edu.qa\/malmazawdah\/wp-json\/wp\/v2\/pages\/9\/revisions"}],"predecessor-version":[{"id":26,"href":"http:\/\/qufaculty.qu.edu.qa\/malmazawdah\/wp-json\/wp\/v2\/pages\/9\/revisions\/26"}],"wp:attachment":[{"href":"http:\/\/qufaculty.qu.edu.qa\/malmazawdah\/wp-json\/wp\/v2\/media?parent=9"}],"curies":[{"name":"wp","href":"https:\/\/api.w.org\/{rel}","templated":true}]}}